{"id":230286,"date":"2021-04-10T09:23:03","date_gmt":"2021-04-10T09:23:03","guid":{"rendered":"https:\/\/book.dsoft.dev\/jetsetmexico\/?page_id=230286"},"modified":"2021-04-10T09:48:01","modified_gmt":"2021-04-10T09:48:01","slug":"aviso-de-privacidad","status":"publish","type":"page","link":"https:\/\/book.dsoft.dev\/jetsetmexico\/aviso-de-privacidad\/","title":{"rendered":"Aviso de Privacidad"},"content":{"rendered":"<p>[et_pb_section fb_built=\u00bb1&#8243; custom_padding_last_edited=\u00bbon|tablet\u00bb admin_label=\u00bbHero\u00bb _builder_version=\u00bb3.22&#8243; use_background_color_gradient=\u00bbon\u00bb background_color_gradient_start=\u00bbrgba(255,255,255,0.9)\u00bb background_color_gradient_end=\u00bb#ffffff\u00bb background_color_gradient_overlays_image=\u00bbon\u00bb background_image=\u00bbhttps:\/\/book.dsoft.dev\/jetsetmexico\/wp-content\/uploads\/2021\/02\/car-dealer-35.jpg\u00bb custom_margin=\u00bb0px|||\u00bb custom_padding=\u00bb0px|10%|0px|10%|true|true\u00bb custom_padding_tablet=\u00bb|30px||30px||true\u00bb custom_padding_phone=\u00bb|||||true\u00bb locked=\u00bboff\u00bb][et_pb_row padding_top_bottom_link_1=\u00bbtrue\u00bb padding_left_right_link_1=\u00bbtrue\u00bb _builder_version=\u00bb3.25&#8243; background_size=\u00bbinitial\u00bb background_position=\u00bbtop_left\u00bb width=\u00bb100%\u00bb max_width=\u00bb100%\u00bb custom_margin=\u00bb|||\u00bb custom_padding=\u00bb0||0px||false|false\u00bb use_custom_width=\u00bbon\u00bb width_unit=\u00bboff\u00bb custom_width_percent=\u00bb100%\u00bb][et_pb_column type=\u00bb4_4&#8243; _builder_version=\u00bb3.25&#8243; use_background_color_gradient=\u00bbon\u00bb background_color_gradient_start=\u00bbrgba(0,0,0,0.07)\u00bb background_color_gradient_end=\u00bbrgba(255,255,255,0)\u00bb custom_padding=\u00bb10vw|40px|10vw|40px\u00bb custom_padding_tablet=\u00bb|||\u00bb custom_padding_phone=\u00bb|10px||10px||true\u00bb custom_padding_last_edited=\u00bbon|desktop\u00bb padding_phone=\u00bb|10px||10px||true\u00bb padding_tablet=\u00bb|||\u00bb padding_last_edited=\u00bbon|desktop\u00bb custom_padding__hover=\u00bb|||\u00bb][et_pb_text _builder_version=\u00bb4.9.0&#8243; text_font=\u00bbLato||||||||\u00bb text_font_size=\u00bb20px\u00bb text_line_height=\u00bb1.8em\u00bb ul_font=\u00bb||||||||\u00bb ol_font=\u00bb||||||||\u00bb header_font=\u00bbBook Antiqua|500||on|||||\u00bb header_text_align=\u00bbcenter\u00bb header_text_color=\u00bb#000000&#8243; header_font_size=\u00bb5vw\u00bb header_letter_spacing=\u00bb0.05em\u00bb header_line_height=\u00bb0.9em\u00bb custom_margin=\u00bb||0px||false|false\u00bb custom_margin_tablet=\u00bb|0vw||\u00bb custom_margin_phone=\u00bb|-5vw||\u00bb custom_margin_last_edited=\u00bbon|tablet\u00bb animation_style=\u00bbzoom\u00bb animation_delay=\u00bb100ms\u00bb animation_intensity_zoom=\u00bb10%\u00bb header_font_size_tablet=\u00bb\u00bb header_font_size_phone=\u00bb\u00bb header_font_size_last_edited=\u00bbon|desktop\u00bb header_line_height_tablet=\u00bb\u00bb header_line_height_phone=\u00bb1.2em\u00bb header_line_height_last_edited=\u00bbon|phone\u00bb header_text_shadow_style=\u00bbpreset1&#8243; header_text_shadow_vertical_length=\u00bb0.18em\u00bb header_text_shadow_blur_strength=\u00bb0.27em\u00bb header_text_shadow_color=\u00bbrgba(0,0,0,0.24)\u00bb]<\/p>\n<h1>Aviso de Privacidad<\/h1>\n<p>[\/et_pb_text][et_pb_text disabled_on=\u00bbon|on|on\u00bb _builder_version=\u00bb4.9.0&#8243; text_font=\u00bbLato||||||||\u00bb text_font_size=\u00bb20px\u00bb text_line_height=\u00bb1.8em\u00bb header_font=\u00bb||||||||\u00bb custom_margin=\u00bb|-10vw||10vw\u00bb custom_margin_tablet=\u00bb|0vw||0px\u00bb custom_margin_phone=\u00bb\u00bb custom_margin_last_edited=\u00bbon|desktop\u00bb animation_style=\u00bbslide\u00bb animation_direction=\u00bbleft\u00bb animation_intensity_slide=\u00bb10%\u00bb disabled=\u00bbon\u00bb locked=\u00bboff\u00bb]<\/p>\n<p>Curabitur aliquet quam id dui posuere blandit. Sed porttitor lectus nibh. Curabitur non nulla sit amet nisl tempus convallis quis ac lectus. Nulla quis lorem ut libero malesuada feugiat. Vestibulum ante ipsum primis in faucibus orci luctus et ultrices posuere cubilia Curae; Donec velit neque, auctor sit amet aliquam<\/p>\n<p>[\/et_pb_text][\/et_pb_column][\/et_pb_row][\/et_pb_section][et_pb_section fb_built=\u00bb1&#8243; _builder_version=\u00bb4.9.0&#8243; _module_preset=\u00bbdefault\u00bb][et_pb_row _builder_version=\u00bb4.9.0&#8243; _module_preset=\u00bbdefault\u00bb][et_pb_column type=\u00bb4_4&#8243; _builder_version=\u00bb4.9.0&#8243; _module_preset=\u00bbdefault\u00bb][et_pb_text _builder_version=\u00bb4.9.0&#8243; _module_preset=\u00bbdefault\u00bb header_3_font=\u00bbBook Antiqua|700|||||||\u00bb header_3_text_align=\u00bbcenter\u00bb]<\/p>\n<h3>AVISO DE PRIVACIDAD INTEGRAL<\/h3>\n<p>[\/et_pb_text][et_pb_text _builder_version=\u00bb4.9.0&#8243; _module_preset=\u00bbdefault\u00bb text_font=\u00bbBook Antiqua||||||||\u00bb text_font_size=\u00bb18px\u00bb text_orientation=\u00bbjustified\u00bb custom_margin=\u00bb||0px|||\u00bb]<strong>AF MANAGEMENT, S.A. DE C.V.<\/strong>(en lo sucesivo el Responsable), con domicilio en Insurgentes Sur 1188 Interior 303, Colonia del Valle, Alcald\u00eda Benito Ju\u00e1rez, Ciudad de M\u00e9xico, C.P. 03100, comprometido con la protecci\u00f3n de los Datos Personales de sus usuarios y a fin de dar cumplimiento a la Ley Federal de Protecci\u00f3n de Datos Personales en Posesi\u00f3n de los Particulares, su Reglamento, Lineamientos y dem\u00e1s disposiciones aplicables (en lo sucesivo la \u201cLegislaci\u00f3n Aplicable\u201d), informa que ser\u00e1 el responsable de recabar los datos personales que le sean proporcionados por personas f\u00edsicas (en lo sucesivo el \u201cTitular\u201d), as\u00ed como del tratamiento que se le d\u00e9 a los mismos y su protecci\u00f3n, por lo que pone a disposici\u00f3n de los Titulares el presente Aviso de Privacidad (el \u201cAviso\u201d), a fin de informar sobre las finalidades para las que se recaban datos personales.<\/p>\n<p><strong>Primero. Disposiciones Preliminares<\/strong><\/p>\n<p><strong>\u00a0<\/strong><\/p>\n<p>Los t\u00e9rminos utilizados en el presente Aviso de Privacidad tendr\u00e1n el significado asignado por la Legislaci\u00f3n Aplicable. Por lo tanto, en caso de conflicto o confusi\u00f3n en los mismos, se estar\u00e1 al significado que se le asigna en la Legislaci\u00f3n Aplicable.<\/p>\n<p>&nbsp;<\/p>\n<p>La recolecci\u00f3n, tratamiento y protecci\u00f3n de los datos personales del Titular se sujetar\u00e1 a los t\u00e9rminos y condiciones del presente Aviso, por lo que se entiende que el Aviso queda a disposici\u00f3n del Titular al momento en que \u00e9ste accede al sitio web<span>:<\/span><\/p>\n<p><span><a href=\"https:\/\/book.dsoft.dev\/jetsetmexico\">www.jetsetmexico.com.mx<\/a><\/span><\/p>\n<p>El Titular al aceptar los presentes t\u00e9rminos y condiciones, otorga su consentimiento para el uso y tratamiento de sus datos personales. El Titular en cualquier momento se podr\u00e1 oponer al tratamiento de sus datos personales yel Responsable deber\u00e1 eliminar de inmediato cualquier dato personal del Titular que haya almacenado salvo aquellos que por disposici\u00f3n oficial deba conservar, oblig\u00e1ndose en este caso a abstenerse de hacer uso de los mismos.<\/p>\n<p>&nbsp;<\/p>\n<p><strong>Segundo. <\/strong><strong>Finalidades<\/strong><\/p>\n<p>Los datos personales que proporcione el Titular, ser\u00e1n utilizados para las siguientes finalidades:<\/p>\n<ul>\n<li><strong>Usuarios<\/strong>: los datos recabados ser\u00e1n utilizados para verificar tu identidad y crear un perfil en l\u00ednea, en el que el Titular podr\u00e1 publicar noticias, fotos, videos, curriculum vitae, as\u00ed como entrar en comunicaci\u00f3n con otros usuarios.<\/li>\n<\/ul>\n<p>&nbsp;<\/p>\n<ul>\n<li><strong>Aspirantes<\/strong>: los datos proporcionados por aspirantes a una vacante de trabajo ser\u00e1n utilizados para verificar la identidad del aspirante, as\u00ed como para iniciar el proceso de selecci\u00f3n, reclutamiento y en su caso contrataci\u00f3n. En caso de proporcionar datos de referencias, estos ser\u00e1n utilizados para llamar a esas personas y solicitar informaci\u00f3n sobre cualidades que consideremos debe cumplir la persona para el puesto que aplique.<\/li>\n<\/ul>\n<p>&nbsp;<\/p>\n<ul>\n<li><strong>Empleados<\/strong>: los datos personales que proporcione ser\u00e1n utilizados para confirmar la autenticidad de la informaci\u00f3n suministrada de empleos anteriores, para crear un expediente laboral que contenga el historial del empleado e informaci\u00f3n que consideremos relevante en caso de un accidente de trabajo, as\u00ed como para inscribir al trabajador al Seguro Social y para realizar los pagos de su n\u00f3mina.<\/li>\n<\/ul>\n<p>&nbsp;[\/et_pb_text][et_pb_text _builder_version=\u00bb4.9.0&#8243; _module_preset=\u00bbdefault\u00bb text_font=\u00bbBook Antiqua||||||||\u00bb text_font_size=\u00bb18px\u00bb text_orientation=\u00bbjustified\u00bb]<\/p>\n<p><strong>Clientes:<\/strong> los datos personales que proporcione ser\u00e1n utilizados para conocer su producto y en su caso, generar publicidad que aparecer\u00e1 en la p\u00e1gina web <a href=\"https:\/\/book.dsoft.dev\/jetsetmexico\">www.jetsetmexico.com.mx<\/a><\/p>\n<p> <strong>D)<\/strong> asimismo, se solicitar\u00e1 informaci\u00f3n para verificar la identidad del cliente, para conocer su historial crediticio, capacidad de pago y para realizar labores de venta.<\/p>\n<p><strong>E) Proveedores:<\/strong> los datos personales que se recaben se utilizar\u00e1n para generar los pagos correspondientes a las cuentas bancarias que proporcionen.<\/p>\n<p> Adicionalmente utilizaremos su informaci\u00f3n personal para las siguientes finalidades que no son necesarias para el servicio solicitado, pero que permite y facilita brindarle una mejor atenci\u00f3n;<\/p>\n<p> 1. Para realizar encuestas de satisfacci\u00f3n sobre nuestro sitio web.<\/p>\n<p> 2. Para fines mercadol\u00f3gicos y publicidad.<\/p>\n<p> Usted podr\u00e1 autorizar el tratamiento de sus datos personales para estas \u00faltimas finalidades, marcando la casilla correspondiente en nuestro sitio web.<\/p>\n<p> Es necesario aclarar que la negativa para el uso de sus datos personales para las finalidades secundarias no ser\u00e1 motivo para que le neguemos los servicios y productos que solicita o contrata con nosotros.<\/p>\n<p> Tercero. Datos personales que recabamos<br \/> Para el cumplimiento de las finalidades previamente establecidas, el Responsable<br \/> recabar\u00e1los siguientes Datos Personales:<\/p>\n<p> \u2022 Datos de identificaci\u00f3n: los cuales incluyen nombre, nacionalidad, domicilio, tel\u00e9fono, correo electr\u00f3nico, acta de nacimiento, Registro Federal de Contribuyentes, Clave \u00danica del Registro de Poblaci\u00f3n, N\u00famero de Seguridad Social, edad, estado civil, cartilla militar, carnet del Instituto Mexicano del Seguro Social, referencias personales.<\/p>\n<p> \u2022 Datos patrimoniales y\/o financieros: dentro de los que se encuentran constancia de situaci\u00f3n fiscal, declaraciones de impuestos, datos de cuentas bancarias, carta de retenciones de Infonavit.<\/p>\n<p> \u2022 Datos laborales: incluyendo lugar de trabajo, carta de antecedentes no penales, ex\u00e1menes m\u00e9dicos, hoja patronal.<\/p>\n<p> \u2022 Datos acad\u00e9micos: como t\u00edtulos de estudios, c\u00e9dula profesional, certificados, constancias.<\/p>\n<p> Los datos personales del Titular podr\u00e1n ser recabados por el Responsable de formas distintas, como lo son: (i) cuando el Titular proporcione directamente la informaci\u00f3n ya sea a trav\u00e9s del llenado de formularios, env\u00edo de la informaci\u00f3n o llamada telef\u00f3nica; (ii) cuando el Titular visite el sitio de Internet http:\/\/www.alliancefootballmx.com\/y utilice el chat autom\u00e1tico o cualquier otro servicio en l\u00ednea.<\/p>\n<p> Cuarto. Derechos de Acceso, Rectificaci\u00f3n, Cancelaci\u00f3n y Oposici\u00f3n (ARCO)<\/p>\n<p>Son derechos del Titular, y los podr\u00e1 ejercer en cualquier momento por si o a trav\u00e9s de su representante, Acceso, Rectificaci\u00f3n, Cancelaci\u00f3n y\/u Oposici\u00f3n (en lo sucesivo \u201cDerechos ARCO\u201d) respecto del tratamiento de sus datos personales.<\/p>\n<p>Los Derechos ARCO comprenden las facultades de acceder a sus datos personales y a los detalles de su tratamiento; rectificarlos en caso de ser inexactos, incorrectos o incompletos; cancelarlos cuando considere que ya no son necesarios en virtud de que la finalidad para la cual fueron recabados ya termin\u00f3 o haya finalizado la relaci\u00f3n contractual o de servicio que vinculaba al Titular con el Responsable; u oponerse al tratamiento de los mismos para una o varias de las finalidades establecidas en el Aviso.<\/p>\n<p>El ejercicio de los Derechos ARCO se har\u00e1 mediante solicitud por escrito, con firma aut\u00f3grafa o electr\u00f3nica a trav\u00e9s de un certificado que permita identificar al titular de los datos y deber\u00e1 cumplir con los siguientes requisitos.<\/p>\n<p>I. Nombre del titular, domicilio o correo electr\u00f3nico para recibir la respuesta.<br \/> II. Los documentos que acrediten su identidad, preferentemente documento oficial vigente y con fotograf\u00eda.<br \/> III. Descripci\u00f3n del derecho a ejercer, as\u00ed como la solicitud respecto a ese derecho, trat\u00e1ndose del derecho de rectificaci\u00f3n, se deber\u00e1n indicar los datos incorrectos o inexactos y las modificaciones a realizarse.<br \/> IV. Cualquier otro medio que permita, en su caso, localizar dichos datos.<\/p>\n<p>La solicitud podr\u00e1 presentarse f\u00edsicamente en el domicilio antes se\u00f1alado o trav\u00e9s delcorreo electr\u00f3nico a la siguiente direcci\u00f3n: williamsilva@jetsetmexico.com.mxEn caso de que la solicitud de Derechos Arco sea presentada por un representante, se deber\u00e1 adjuntar poder notarial o carta poder otorgada ante dos testigos, incluyendo copia de las identificaciones del poderdante, representante y testigos.<\/p>\n<p>Si sus solicitudes presentadas en nuestras oficinas, le sellaremos una copia de su solicitud, indicando la fecha en la que se recibi\u00f3, lo anterior a efecto de contabilizar el t\u00e9rmino m\u00e1ximo de 20 d\u00edas h\u00e1biles con el que cuenta el Responsable para dar respuesta a su solicitud. En caso de que la solicitud de Derechos ARCO sea enviada por correo electr\u00f3nico, deber\u00e1 realizarse de lunes a viernes en un horario de las 9:00 horas a las 18:00 horas, para que sea acusada de recibida ese mismo d\u00eda, cualquier solicitud que sea recibida fuera de ese horario se acusar\u00e1 al d\u00eda h\u00e1bil siguiente, aclarando que el acuse de recibo no implica que su solicitud sea procedente.<\/p>\n<p>[\/et_pb_text][et_pb_text _builder_version=\u00bb4.9.0&#8243; _module_preset=\u00bbdefault\u00bb text_font=\u00bbBook Antiqua||||||||\u00bb text_font_size=\u00bb18px\u00bb text_orientation=\u00bbjustified\u00bb]<\/p>\n<p>Una vez recibida la solicitud, se analizar\u00e1 y si existen imprecisiones o se requiere de mayor informaci\u00f3npara dar contestaci\u00f3n a su solicitud, el Titular se lo informar\u00e1 dentro de los 5 d\u00edas h\u00e1biles siguientes a que hayamos recibido su solicitud, para que subsane las irregularidades en un plazo que no podr\u00e1 exceder de 10 d\u00edas h\u00e1biles, en caso de que no subsane su solicitud en el plazo antes se\u00f1alado su solicitud se tendr\u00e1 como no presentada.<\/p>\n<p>&nbsp;<\/p>\n<p>Si la solicitud cuenta con todos los elementos para poder resolverla se comunicar\u00e1 la respuesta por el medio que usted indique en su solicitud, en un plazo que no exceder\u00e1 de 20 d\u00edas h\u00e1biles.<\/p>\n<p>&nbsp;<\/p>\n<p><strong>Quinto. Limitar el uso o divulgaci\u00f3n de los Datos Personales<\/strong><\/p>\n<p>Los datos personales del Titular, ser\u00e1n mantenidos en estricta confidencialidad de acuerdo conla Legislaci\u00f3n Aplicable, bajo los sistemas administrativos y t\u00e9cnicos que para tal efectoimplemente el Responsable. La protecci\u00f3n de los datos personales del Titular ser\u00e1 respecto decualquier da\u00f1o, p\u00e9rdida, destrucci\u00f3n y uso, acceso y tratamiento no autorizado. Con objeto de que usted pueda limitar el uso y divulgaci\u00f3n de su informaci\u00f3n personal, le ofrecemos el siguiente medio:<\/p>\n<ul>\n<li>Su inscripci\u00f3n en el Registro P\u00fablico para Evitar Publicidad, que est\u00e1 a cargo de la Procuradur\u00eda Federal del Consumidor, con la finalidad de que sus datos personales no sean utilizados para recibir publicidad o promociones de empresas de bienes o servicios. Para mayor informaci\u00f3n sobre este registro, usted puede consultar el portal de Internet de la PROFECO, o bien ponerse en contacto directo con \u00e9sta.<\/li>\n<\/ul>\n<p><strong>Sexto. Transferencia de datos.<\/strong><\/p>\n<p>Le informamos que los datos personales que se recaben a trav\u00e9s de la p\u00e1gina de internet noser\u00e1n compartidos con ninguna otra persona, que no sea parte del grupo corporativo del Responsable.<\/p>\n<p><strong>S\u00e9ptimo. Uso de Cookies, otras tecnolog\u00edas<\/strong><\/p>\n<p>Le informamos que el Responsableutiliza, en su sitio de internet,cookies, web beacons y otras tecnolog\u00edas a trav\u00e9s de los cuales se recaban datos de manera autom\u00e1tica y simult\u00e1nea para monitorear su comportamiento como usuario de los servicios de internet.<\/p>\n<p>Los datos personales que obtenemos con estas tecnolog\u00edas de rastreo son los siguientes: horario de navegaci\u00f3n, tiempo de navegaci\u00f3n en nuestra p\u00e1gina de Internet, secciones consultadas, y p\u00e1ginas de Internet accedidas previo a la nuestra.<\/p>\n<p>Le informamos que usted puede deshabilitar el uso de estos mecanismos siguiendo el procedimiento para desactivaci\u00f3n, establecido para su navegador de internet.<\/p>\n<p><strong>Octavo. Modificaciones al Aviso de Privacidad<\/strong><\/p>\n<p>Los cambios realizados al presente Aviso de Privacidad ser\u00e1n notificados a trav\u00e9s de:<\/p>\n<ol>\n<li>La p\u00e1gina web<\/li>\n<li>Por correo electr\u00f3nico.<\/li>\n<\/ol>\n<p><strong>Noveno. Autoridad encargada de proteger sus datos personales.<\/strong><\/p>\n<p>Si usted considera que su derecho a la protecci\u00f3n de sus datos personales ha sido lesionado por alguna conducta u omisi\u00f3n de nuestra parte, o presume alguna violaci\u00f3n a las disposiciones previstas en la Legislaci\u00f3n Aplicable, podr\u00e1 promover su queja o denuncia ante el Instituto Nacional de Transparencia, Acceso a la Informaci\u00f3n y Protecci\u00f3n de Datos Personales (INAI). Para mayor informaci\u00f3n, le sugerimos visitar su p\u00e1gina oficial de Internet<span><a href=\"http:\/\/www.inai.org.mx\">www.inai.org.mx<\/a><\/span>.<\/p>\n<p>Versi\u00f3n: Septiembre 2020.<\/p>\n<p>[\/et_pb_text][et_pb_text _builder_version=\u00bb4.9.0&#8243; _module_preset=\u00bbdefault\u00bb header_3_font=\u00bbBook Antiqua|700|||||||\u00bb header_3_text_align=\u00bbcenter\u00bb]<\/p>\n<h3>AVISO DE PRIVACIDAD SIMPLIFICADO<\/h3>\n<p>[\/et_pb_text][et_pb_text _builder_version=\u00bb4.9.0&#8243; _module_preset=\u00bbdefault\u00bb text_font=\u00bbBook Antiqua||||||||\u00bb text_font_size=\u00bb18px\u00bb text_orientation=\u00bbjustified\u00bb]<\/p>\n<p><strong>AF MANAGEMENT, S.A. DE C.V., <\/strong>con domicilio en Insurgentes Sur 1188 Interior 303, Colonia del Valle, Alcald\u00eda Benito Ju\u00e1rez, Ciudad de M\u00e9xico, C.P. 03100, es el responsable de recabar los datos personales que le sean proporcionados por personas f\u00edsicas (en lo sucesivo el \u201cTitular\u201d), as\u00ed como del tratamiento que se le d\u00e9 a los mismos y su protecci\u00f3n.<\/p>\n<p>El Responsable utilizar\u00e1 sus datos personales recabados para las siguientes finalidades primarias i) para verificar y confirmar su identidad, ii) para crear un perfil dentro de la p\u00e1gina web <span><a href=\"https:\/\/book.dsoft.dev\/jetsetmexico\">www.jetsetmexico.com.mx<\/a><\/span>para la creaci\u00f3n, actualizaci\u00f3n y conservaci\u00f3n de un expediente laboral, iv) para dar de alta a nuestros trabajadores en el seguro social, v)para realizar pagos a proveedores y empleados, vi) para realizar labores de venta y compra y vii) para generar y enviar los comprobantes fiscales digitales. Asimismo, sus datos personales ser\u00e1n tratados para las siguientes finalidadessecundaria: i) para realizar encuestas de satisfacci\u00f3n sobre los servicios de nuestro sitio web y ii) para fines mercadol\u00f3gicos y publicitarios, en caso de no estar de acuerdo con el tratamiento de sus datos para \u00e9stas \u00faltimas finalidadespuede marcar la casilla incluida en nuestro aviso de privacidad integral.<\/p>\n<p>Para mayor informaci\u00f3n acerca del tratamiento y de los derechosque puede hacer valer, el Titular puede acceder al aviso de privacidad integral, mismo que seencuentra en lasiguiente p\u00e1gina web:<a href=\"https:\/\/book.dsoft.dev\/jetsetmexico\">www.jetsetmexico.com.mx<\/a><\/p>\n<p>[\/et_pb_text][et_pb_text _builder_version=\u00bb4.9.0&#8243; _module_preset=\u00bbdefault\u00bb header_3_font=\u00bbBook Antiqua|700|||||||\u00bb header_3_text_align=\u00bbcenter\u00bb]<\/p>\n<h3>AVISO DE PRIVACIDAD CORTO<\/h3>\n<p>[\/et_pb_text][et_pb_text _builder_version=\u00bb4.9.0&#8243; _module_preset=\u00bbdefault\u00bb text_font=\u00bbBook Antiqua||||||||\u00bb text_font_size=\u00bb18px\u00bb text_orientation=\u00bbjustified\u00bb]<\/p>\n<p><strong>AF MANAGEMENT, S.A. DE C.V., <\/strong>con domicilio en Insurgentes Sur 1188 Interior 303, Colonia del Valle, Alcald\u00eda Benito Ju\u00e1rez, Ciudad de M\u00e9xico, C.P. 03100,recaba sus datos personales entre otras finalidades para verificar, confirmar su identidad y crear un perfil en la p\u00e1gina web <span><a href=\"https:\/\/book.dsoft.dev\/jetsetmexico\">www.jetsetmexico.com.mx<\/a><\/span> si desea conocer m\u00e1s sobre las finalidades y tratamiento de sus datos personales, puede consultar el aviso de privacidad integral en nuestra p\u00e1gina de internet <span><a href=\"https:\/\/book.dsoft.dev\/jetsetmexico\">www.jetsetmexico.com.mx<\/a><\/span><\/p>\n<p>[\/et_pb_text][\/et_pb_column][\/et_pb_row][\/et_pb_section]<\/p>\n","protected":false},"excerpt":{"rendered":"<p>Aviso de PrivacidadCurabitur aliquet quam id dui posuere blandit. Sed porttitor lectus nibh. Curabitur non nulla sit amet nisl tempus convallis quis ac lectus. Nulla quis lorem ut libero malesuada feugiat. Vestibulum ante ipsum primis in faucibus orci luctus et ultrices posuere cubilia Curae; Donec velit neque, auctor sit amet aliquamAVISO DE PRIVACIDAD INTEGRALAF MANAGEMENT, [&hellip;]<\/p>\n","protected":false},"author":1,"featured_media":0,"parent":0,"menu_order":0,"comment_status":"closed","ping_status":"closed","template":"","meta":{"_et_pb_use_builder":"on","_et_pb_old_content":"","_et_gb_content_width":"","footnotes":""},"class_list":["post-230286","page","type-page","status-publish","hentry"],"_links":{"self":[{"href":"https:\/\/book.dsoft.dev\/jetsetmexico\/wp-json\/wp\/v2\/pages\/230286","targetHints":{"allow":["GET"]}}],"collection":[{"href":"https:\/\/book.dsoft.dev\/jetsetmexico\/wp-json\/wp\/v2\/pages"}],"about":[{"href":"https:\/\/book.dsoft.dev\/jetsetmexico\/wp-json\/wp\/v2\/types\/page"}],"author":[{"embeddable":true,"href":"https:\/\/book.dsoft.dev\/jetsetmexico\/wp-json\/wp\/v2\/users\/1"}],"replies":[{"embeddable":true,"href":"https:\/\/book.dsoft.dev\/jetsetmexico\/wp-json\/wp\/v2\/comments?post=230286"}],"version-history":[{"count":8,"href":"https:\/\/book.dsoft.dev\/jetsetmexico\/wp-json\/wp\/v2\/pages\/230286\/revisions"}],"predecessor-version":[{"id":230300,"href":"https:\/\/book.dsoft.dev\/jetsetmexico\/wp-json\/wp\/v2\/pages\/230286\/revisions\/230300"}],"wp:attachment":[{"href":"https:\/\/book.dsoft.dev\/jetsetmexico\/wp-json\/wp\/v2\/media?parent=230286"}],"curies":[{"name":"wp","href":"https:\/\/api.w.org\/{rel}","templated":true}]}}