{"id":403,"date":"2021-10-28T01:51:06","date_gmt":"2021-10-27T20:51:06","guid":{"rendered":"https:\/\/book.dsoft.dev\/mbcmemb\/subscription-plan\/"},"modified":"2021-12-01T08:32:07","modified_gmt":"2021-12-01T03:32:07","slug":"suscribete-membresia","status":"publish","type":"page","link":"https:\/\/book.dsoft.dev\/mbcmemb\/suscribete-membresia\/","title":{"rendered":"MEMBRES\u00cdA MI BUEN COMER"},"content":{"rendered":"<p>[vc_row css=&#8221;.vc_custom_1636852857956{background-image: url(https:\/\/book.dsoft.dev\/mbcmemb\/wp-content\/uploads\/2021\/11\/fondo-Samia-Mi-buen-comer-membresia-keto-recetas-programa-de-alimentacion-1.png?id=519) !important;}&#8221;][vc_column width=&#8221;1\/2&#8243; css=&#8221;.vc_custom_1636852227967{padding-right: 50px !important;padding-left: 50px !important;}&#8221;][vc_single_image image=&#8221;526&#8243; img_size=&#8221;600&#8243;][vc_single_image image=&#8221;524&#8243; img_size=&#8221;800&#8243;][vc_column_text css_animation=&#8221;zoomIn&#8221; css=&#8221;.vc_custom_1636853215824{padding-top: 20px !important;padding-right: 0px !important;padding-bottom: 50px !important;padding-left: 20px !important;}&#8221;]<\/p>\n<h4 style=\"color: white;\">Un espacio en el que aprender\u00e1s a cocinar y a relacionarte con los alimentos y <strong style=\"color: white;\">los momentos de comida que m\u00e1s te interesan.<\/strong><\/h4>\n<p>[\/vc_column_text][\/vc_column][vc_column width=&#8221;1\/2&#8243;][vc_single_image image=&#8221;527&#8243; img_size=&#8221;full&#8221; alignment=&#8221;center&#8221; css=&#8221;.vc_custom_1636853253456{padding-top: 50px !important;padding-right: 50px !important;padding-bottom: 50px !important;padding-left: 50px !important;}&#8221;][\/vc_column][\/vc_row][vc_row][vc_column][vc_single_image image=&#8221;527&#8243; img_size=&#8221;full&#8221; alignment=&#8221;center&#8221;][vc_empty_space height=&#8221;40px&#8221;][\/vc_column][\/vc_row][vc_row][vc_column css_animation=&#8221;zoomInUp&#8221;][vc_column_text]<div class=\"ich_level_wrap ihc_level_template_9\"><div class=\"ihc-level-item\"><div class=\"ihc-level-item-wrap\"><div class=\"ihc-level-item-top\"><div class=\"ihc-level-item-title\">Membres\u00eda Mensual Enero<\/div><\/div><div class=\"ihc-level-item-price\">$999<\/div><div class=\"ihc-level-item-content\"><p style=\"text-align: center;\">Pago recurrente mensual<\/p>\r\n<p style=\"text-align: center;\"><b>\u2705<\/b> 1 clase en vivo de resoluci\u00f3n de dudas acerca de la teor\u00eda de alimentaci\u00f3n del mes.<\/p>\r\n<p style=\"text-align: center;\"><b style=\"letter-spacing: 1.3px;\">\u2705<\/b> Recetario del mes con 16 recetas<\/p>\r\n<p style=\"text-align: center;\"><b style=\"letter-spacing: 1.3px;\">\u2705<\/b> 8 recetas del recetario del mes en video<\/p>\r\n<p style=\"text-align: center;\"><b style=\"letter-spacing: 1.3px;\">\u2705<\/b> Recetario Lunches Saludables<\/p>\r\n<p style=\"text-align: center;\"><b style=\"letter-spacing: 1.3px;\">\u2705<\/b> Detox Mensual<\/p>\r\n<strong>\u00a0<\/strong><\/div><div class=\"ihc-level-item-bottom\"><div onClick=\"ihcBuyNewLevel('https:\/\/book.dsoft.dev\/mbcmemb\/register\/?lid=4');\" class=\"ihc-level-item-link  ihc-cursor-pointer\">Sign Up<\/div><div class=\"iump-clear\"><\/div><\/div><\/div><\/div><\/div>[\/vc_column_text][\/vc_column][\/vc_row]<\/p>\n","protected":false},"excerpt":{"rendered":"<p>[vc_row css=&#8221;.vc_custom_1636852857956{background-image: url(https:\/\/book.dsoft.dev\/mbcmemb\/wp-content\/uploads\/2021\/11\/fondo-Samia-Mi-buen-comer-membresia-keto-recetas-programa-de-alimentacion-1.png?id=519) !important;}&#8221;][vc_column width=&#8221;1\/2&#8243; css=&#8221;.vc_custom_1636852227967{padding-right: 50px !important;padding-left: 50px !important;}&#8221;][vc_single_image image=&#8221;526&#8243; img_size=&#8221;600&#8243;][vc_single_image image=&#8221;524&#8243; img_size=&#8221;800&#8243;][vc_column_text css_animation=&#8221;zoomIn&#8221; css=&#8221;.vc_custom_1636853215824{padding-top: 20px !important;padding-right: 0px !important;padding-bottom: 50px !important;padding-left: 20px !important;}&#8221;] Un espacio en el que aprender\u00e1s a cocinar y a relacionarte con los alimentos y los momentos de comida que m\u00e1s te interesan. [\/vc_column_text][\/vc_column][vc_column width=&#8221;1\/2&#8243;][vc_single_image image=&#8221;527&#8243; img_size=&#8221;full&#8221; alignment=&#8221;center&#8221; css=&#8221;.vc_custom_1636853253456{padding-top: 50px !important;padding-right: 50px !important;padding-bottom: 50px !important;padding-left: 50px&hellip;<\/p>\n","protected":false},"author":1,"featured_media":0,"parent":0,"menu_order":0,"comment_status":"closed","ping_status":"closed","template":"","meta":{"footnotes":""},"folder":[],"class_list":["post-403","page","type-page","status-publish","hentry"],"_links":{"self":[{"href":"https:\/\/book.dsoft.dev\/mbcmemb\/wp-json\/wp\/v2\/pages\/403","targetHints":{"allow":["GET"]}}],"collection":[{"href":"https:\/\/book.dsoft.dev\/mbcmemb\/wp-json\/wp\/v2\/pages"}],"about":[{"href":"https:\/\/book.dsoft.dev\/mbcmemb\/wp-json\/wp\/v2\/types\/page"}],"author":[{"embeddable":true,"href":"https:\/\/book.dsoft.dev\/mbcmemb\/wp-json\/wp\/v2\/users\/1"}],"replies":[{"embeddable":true,"href":"https:\/\/book.dsoft.dev\/mbcmemb\/wp-json\/wp\/v2\/comments?post=403"}],"version-history":[{"count":5,"href":"https:\/\/book.dsoft.dev\/mbcmemb\/wp-json\/wp\/v2\/pages\/403\/revisions"}],"predecessor-version":[{"id":838,"href":"https:\/\/book.dsoft.dev\/mbcmemb\/wp-json\/wp\/v2\/pages\/403\/revisions\/838"}],"wp:attachment":[{"href":"https:\/\/book.dsoft.dev\/mbcmemb\/wp-json\/wp\/v2\/media?parent=403"}],"wp:term":[{"taxonomy":"folder","embeddable":true,"href":"https:\/\/book.dsoft.dev\/mbcmemb\/wp-json\/wp\/v2\/folder?post=403"}],"curies":[{"name":"wp","href":"https:\/\/api.w.org\/{rel}","templated":true}]}}