{"id":11078,"date":"2019-09-11T00:11:39","date_gmt":"2019-09-11T00:11:39","guid":{"rendered":"https:\/\/book.dsoft.dev\/oldsalasperez\/?page_id=11078"},"modified":"2019-09-19T17:30:13","modified_gmt":"2019-09-19T17:30:13","slug":"contabilidad","status":"publish","type":"page","link":"https:\/\/book.dsoft.dev\/oldsalasperez\/servicios\/contabilidad\/","title":{"rendered":"Contabilidad"},"content":{"rendered":"<section class=\"wpb-content-wrapper\"><p>[vc_row][vc_column]<div class=\"startflow-single-heading clearfix text-center\" style=\"margin-bottom:20px;\"><span class=\"inner\"><span class=\"heading clearfix  accent\" style=\"font-size:20px;\">\r\n\t\tLas finanzas de tu empresa bien cuidadas\r\n\t<\/span><\/span><\/div><div class=\"startflow-headings clearfix text-center\"  style=\"\"><h2 class=\"heading clearfix \" style=\"\">\r\n\t\tCONTABILIDAD\r\n\t<\/h2><p class=\"sub-heading clearfix\" style=\"font-style:normal;max-width:740px;margin-left: auto; margin-right: auto;\">\r\n\t\tTe presentamos nuestro portafolio de servicios\r\n\t<\/p><\/div>\r\n\t<div class=\"startflow-spacer clearfix\" data-desktop=\"90\" data-mobi=\"60\" data-smobi=\"60\"><\/div>[vc_row_inner][vc_column_inner width=&#8221;1\/2&#8243;]<div class=\"startflow-content-box clearfix \" data-padding=\"\" data-mobipadding=\"\" data-margin=\"\" data-mobimargin=\"\" >\r\n\t\t<div class=\"inner ctb-1363083460\" style=\"\"  data-background=\"\">\r\n\t\t\t<div class=\"startflow-simple-image text-center wow fadeInLeft\" style=\"border-radius:5px;overflow:hidden;\"  data-wow-duration=\"0.75s\" data-wow-delay=\"0.3s\">\r\n\t\t\t<img decoding=\"async\" alt=\"image\" src=\"https:\/\/book.dsoft.dev\/oldsalasperez\/wp-content\/uploads\/2019\/09\/Ser1_Contabilidad_SP.jpg\" \/> \r\n\t\t<\/div>\r\n\t\t<\/div>\r\n\t<\/div>\r\n\t<div class=\"startflow-spacer clearfix\" data-desktop=\"0\" data-mobi=\"0\" data-smobi=\"0\"><\/div>[\/vc_column_inner][vc_column_inner width=&#8221;1\/2&#8243;]\r\n\t<div class=\"startflow-accordions accordions\"><div class=\"accordion-item style-2 active\" style=\"margin-bottom:10px;\"><h3 class=\"accordion-heading\" style=\"\">\r\n\t\t\t<span class=\"inner\" style=\"\">\r\n\t\t\t\tCONSULTOR\u00cdA FISCAL\r\n\t\t\t<\/span>\r\n\t\t<\/h3><div class=\"accordion-content\" style=\"\"><p align=\"justify\">Consultor\u00eda fiscal basada en el an\u00e1lisis de las disposiciones fiscales aplicables a las caracter\u00edsticas particulares de cada caso, expresando nuestra opini\u00f3n por escrito. Nuestro equipo de profesionales en el \u00e1rea fiscal le ayudar\u00e1 a implementar estrategias, que, a la luz de las disposiciones fiscales, permita reducir su carga tributaria.<\/p>\n<\/div><\/div><div class=\"accordion-item style-2 active\" style=\"margin-bottom:10px;\"><h3 class=\"accordion-heading\" style=\"\">\r\n\t\t\t<span class=\"inner\" style=\"\">\r\n\t\t\t\tCONTABILIDAD\r\n\t\t\t<\/span>\r\n\t\t<\/h3><div class=\"accordion-content\" style=\"\"><p align=\"justify\">Nuestro equipo de profesionales en el \u00e1rea contable le ayudar\u00e1 a capturar la contabilidad de su empresa con apego a las Normas de Informaci\u00f3n Financiera (NIF) y generar los estados financieros de la empresa que sirvan a la Administraci\u00f3n en la toma de decisiones.<\/p>\n<\/div><\/div><div class=\"accordion-item style-2 active\" style=\"margin-bottom:10px;\"><h3 class=\"accordion-heading\" style=\"\">\r\n\t\t\t<span class=\"inner\" style=\"\">\r\n\t\t\t\tDISE\u00d1O E IMPLEMENTACI\u00d3N DE CONTROLES INTERNOS\r\n\t\t\t<\/span>\r\n\t\t<\/h3><div class=\"accordion-content\" style=\"\"><p align=\"justify\">Nuestro equipo de profesionales en el \u00e1rea contable y financiera le ayudar\u00e1 en el diagn\u00f3stico y evaluaci\u00f3n de los controles internos, a la implementaci\u00f3n de los mismos y a darles seguimiento, entre otras cosas, a implementar manuales de organizaci\u00f3n, manuales de pol\u00edticas y procedimientos, gu\u00edas contabilizadoras, etc.<\/p>\n<\/div><\/div><\/div>[\/vc_column_inner][\/vc_row_inner][\/vc_column][\/vc_row]<\/p>\n<\/section>","protected":false},"excerpt":{"rendered":"<p>[vc_row][vc_column][vc_row_inner][vc_column_inner width=&#8221;1\/2&#8243;][\/vc_column_inner][vc_column_inner width=&#8221;1\/2&#8243;][\/vc_column_inner][\/vc_row_inner][\/vc_column][\/vc_row]<\/p>\n","protected":false},"author":2,"featured_media":0,"parent":1326,"menu_order":0,"comment_status":"closed","ping_status":"closed","template":"","meta":{"footnotes":""},"class_list":["post-11078","page","type-page","status-publish","hentry"],"_links":{"self":[{"href":"https:\/\/book.dsoft.dev\/oldsalasperez\/wp-json\/wp\/v2\/pages\/11078","targetHints":{"allow":["GET"]}}],"collection":[{"href":"https:\/\/book.dsoft.dev\/oldsalasperez\/wp-json\/wp\/v2\/pages"}],"about":[{"href":"https:\/\/book.dsoft.dev\/oldsalasperez\/wp-json\/wp\/v2\/types\/page"}],"author":[{"embeddable":true,"href":"https:\/\/book.dsoft.dev\/oldsalasperez\/wp-json\/wp\/v2\/users\/2"}],"replies":[{"embeddable":true,"href":"https:\/\/book.dsoft.dev\/oldsalasperez\/wp-json\/wp\/v2\/comments?post=11078"}],"version-history":[{"count":10,"href":"https:\/\/book.dsoft.dev\/oldsalasperez\/wp-json\/wp\/v2\/pages\/11078\/revisions"}],"predecessor-version":[{"id":11279,"href":"https:\/\/book.dsoft.dev\/oldsalasperez\/wp-json\/wp\/v2\/pages\/11078\/revisions\/11279"}],"up":[{"embeddable":true,"href":"https:\/\/book.dsoft.dev\/oldsalasperez\/wp-json\/wp\/v2\/pages\/1326"}],"wp:attachment":[{"href":"https:\/\/book.dsoft.dev\/oldsalasperez\/wp-json\/wp\/v2\/media?parent=11078"}],"curies":[{"name":"wp","href":"https:\/\/api.w.org\/{rel}","templated":true}]}}