{"id":11097,"date":"2019-09-11T01:07:00","date_gmt":"2019-09-11T01:07:00","guid":{"rendered":"https:\/\/book.dsoft.dev\/oldsalasperez\/?page_id=11097"},"modified":"2019-09-19T18:38:03","modified_gmt":"2019-09-19T18:38:03","slug":"asesoria-contable-y-fiscal","status":"publish","type":"page","link":"https:\/\/book.dsoft.dev\/oldsalasperez\/servicios\/asesoria-contable-y-fiscal\/","title":{"rendered":"Asesor\u00eda Contable y Fiscal"},"content":{"rendered":"<section class=\"wpb-content-wrapper\"><p>[vc_row][vc_column]<div class=\"startflow-single-heading clearfix text-center\" style=\"margin-bottom:20px;\"><span class=\"inner\"><span class=\"heading clearfix  accent\" style=\"font-size:20px;\">\r\n\t\tEsto es una prueba\r\n\t<\/span><\/span><\/div><div class=\"startflow-headings clearfix text-center\"  style=\"\"><h2 class=\"heading clearfix \" style=\"\">\r\n\t\tASESOR\u00cdA CONTABLE Y FISCAL\r\n\t<\/h2><p class=\"sub-heading clearfix\" style=\"font-style:normal;max-width:740px;margin-left: auto; margin-right: auto;\">\r\n\t\tTe presentamos nuestro portafolio de servicios\r\n\t<\/p><\/div>\r\n\t<div class=\"startflow-spacer clearfix\" data-desktop=\"90\" data-mobi=\"60\" data-smobi=\"60\"><\/div>[vc_row_inner][vc_column_inner width=&#8221;1\/2&#8243;]<div class=\"startflow-content-box clearfix \" data-padding=\"\" data-mobipadding=\"\" data-margin=\"\" data-mobimargin=\"\" >\r\n\t\t<div class=\"inner ctb-2044059539\" style=\"\"  data-background=\"\">\r\n\t\t\t<div class=\"startflow-simple-image text-center\" style=\"border-radius:5px;overflow:hidden;\" >\r\n\t\t\t<img decoding=\"async\" alt=\"image\" src=\"https:\/\/book.dsoft.dev\/oldsalasperez\/wp-content\/uploads\/2019\/09\/Ser1_Fiscal_SP.jpg\" \/> \r\n\t\t<\/div>\r\n\t\t<\/div>\r\n\t<\/div>\r\n\t<div class=\"startflow-spacer clearfix\" data-desktop=\"0\" data-mobi=\"0\" data-smobi=\"0\"><\/div>[\/vc_column_inner][vc_column_inner width=&#8221;1\/2&#8243;]\r\n\t<div class=\"startflow-accordions accordions\"><div class=\"accordion-item style-2 active\" style=\"margin-bottom:10px;\"><h3 class=\"accordion-heading\" style=\"\">\r\n\t\t\t<span class=\"inner\" style=\"\">\r\n\t\t\t\tDISE\u00d1O Y REESTRUCTURACI\u00d3N FISCAL\r\n\t\t\t<\/span>\r\n\t\t<\/h3><div class=\"accordion-content\" style=\"\"><ul>\n<li>Planeaci\u00f3n fiscal.<\/li>\n<li>Fusiones y escisiones.<\/li>\n<li>Reestructuraci\u00f3n corporativa.<\/li>\n<\/ul>\n<p align=\"justify\">Nuestro equipo de asesores analiza la estructura organizacional de la empresa o grupo de empresas para determinar si existen opciones que permitan maximizar los recursos materiales, humanos y financieros disminuyendo el impacto fiscal y siendo el caso, se encargar\u00e1n de implementar la estrategia.<\/p>\n<\/div><\/div><div class=\"accordion-item style-2 active\" style=\"margin-bottom:10px;\"><h3 class=\"accordion-heading\" style=\"\">\r\n\t\t\t<span class=\"inner\" style=\"\">\r\n\t\t\t\tTR\u00c1MITES\r\n\t\t\t<\/span>\r\n\t\t<\/h3><div class=\"accordion-content\" style=\"\"><ul>\n<li>Inscripciones y avisos al Registro Federal de Contribuyentes.<\/li>\n<li>Compensaciones de Impuestos.<\/li>\n<li>Confirmaciones de criterio ante el la SHCP, IMSS e INFONAVIT y Autoridades Locales.<\/li>\n<li>Regularizaciones en materia de IMSS e INFONAVIT.<\/li>\n<li>En general cualquier tipo de tr\u00e1mite de \u00edndole fiscal ante autoridades Locales y Federales.<\/li>\n<li>Dictamen Fiscal (Contribuciones Federales).<\/li>\n<li>IMSS.<\/li>\n<li>INFONAVIT.<\/li>\n<li>Contribuciones Locales.<\/li>\n<\/ul>\n<p align=\"justify\">Bajo ciertos par\u00e1metros, algunos contribuyentes se encuentran obligados a dictaminar el adecuado cumplimiento de sus obligaciones en materia de ISR, IVA, IMPAC, IMSS, INFONAVIT o Contribuciones Locales del D F para lo cual nuestro Departamento de Impuestos se pone a sus \u00f3rdenes, incluso, en una etapa previa para hacer una evaluaci\u00f3n (diagn\u00f3stico) general de la situaci\u00f3n en estas materias.<\/p>\n<\/div><\/div><\/div>[\/vc_column_inner][\/vc_row_inner][\/vc_column][\/vc_row][vc_row][vc_column][\/vc_column][\/vc_row]<\/p>\n<\/section>","protected":false},"excerpt":{"rendered":"<p>[vc_row][vc_column][vc_row_inner][vc_column_inner width=&#8221;1\/2&#8243;][\/vc_column_inner][vc_column_inner width=&#8221;1\/2&#8243;][\/vc_column_inner][\/vc_row_inner][\/vc_column][\/vc_row][vc_row][vc_column][\/vc_column][\/vc_row]<\/p>\n","protected":false},"author":2,"featured_media":0,"parent":1326,"menu_order":0,"comment_status":"closed","ping_status":"closed","template":"","meta":{"footnotes":""},"class_list":["post-11097","page","type-page","status-publish","hentry"],"_links":{"self":[{"href":"https:\/\/book.dsoft.dev\/oldsalasperez\/wp-json\/wp\/v2\/pages\/11097","targetHints":{"allow":["GET"]}}],"collection":[{"href":"https:\/\/book.dsoft.dev\/oldsalasperez\/wp-json\/wp\/v2\/pages"}],"about":[{"href":"https:\/\/book.dsoft.dev\/oldsalasperez\/wp-json\/wp\/v2\/types\/page"}],"author":[{"embeddable":true,"href":"https:\/\/book.dsoft.dev\/oldsalasperez\/wp-json\/wp\/v2\/users\/2"}],"replies":[{"embeddable":true,"href":"https:\/\/book.dsoft.dev\/oldsalasperez\/wp-json\/wp\/v2\/comments?post=11097"}],"version-history":[{"count":8,"href":"https:\/\/book.dsoft.dev\/oldsalasperez\/wp-json\/wp\/v2\/pages\/11097\/revisions"}],"predecessor-version":[{"id":11289,"href":"https:\/\/book.dsoft.dev\/oldsalasperez\/wp-json\/wp\/v2\/pages\/11097\/revisions\/11289"}],"up":[{"embeddable":true,"href":"https:\/\/book.dsoft.dev\/oldsalasperez\/wp-json\/wp\/v2\/pages\/1326"}],"wp:attachment":[{"href":"https:\/\/book.dsoft.dev\/oldsalasperez\/wp-json\/wp\/v2\/media?parent=11097"}],"curies":[{"name":"wp","href":"https:\/\/api.w.org\/{rel}","templated":true}]}}