{"id":11104,"date":"2019-09-11T01:27:41","date_gmt":"2019-09-11T01:27:41","guid":{"rendered":"https:\/\/book.dsoft.dev\/oldsalasperez\/?page_id=11104"},"modified":"2019-09-19T18:39:09","modified_gmt":"2019-09-19T18:39:09","slug":"asesorias-especializadas","status":"publish","type":"page","link":"https:\/\/book.dsoft.dev\/oldsalasperez\/servicios\/asesorias-especializadas\/","title":{"rendered":"Asesor\u00edas Especializadas"},"content":{"rendered":"<section class=\"wpb-content-wrapper\"><p>[vc_row][vc_column]<div class=\"startflow-single-heading clearfix text-center\" style=\"margin-bottom:20px;\"><span class=\"inner\"><span class=\"heading clearfix  accent\" style=\"font-size:20px;\">\r\n\t\tLas finanzas de tu empresa bien cuidadas\r\n\t<\/span><\/span><\/div><div class=\"startflow-headings clearfix text-center\"  style=\"\"><h2 class=\"heading clearfix \" style=\"\">\r\n\t\tASESOR\u00cdAS ESPECIALIZADAS\r\n\t<\/h2><p class=\"sub-heading clearfix\" style=\"font-style:normal;max-width:740px;margin-left: auto; margin-right: auto;\">\r\n\t\tTe presentamos nuestro portafolio de servicios\r\n\t<\/p><\/div>\r\n\t<div class=\"startflow-spacer clearfix\" data-desktop=\"90\" data-mobi=\"60\" data-smobi=\"60\"><\/div>[vc_row_inner][vc_column_inner width=&#8221;1\/2&#8243;]<div class=\"startflow-content-box clearfix \" data-padding=\"\" data-mobipadding=\"\" data-margin=\"\" data-mobimargin=\"\" >\r\n\t\t<div class=\"inner ctb-859685217\" style=\"\"  data-background=\"\">\r\n\t\t\t<div class=\"startflow-simple-image text-center wow fadeInLeft\" style=\"border-radius:5px;overflow:hidden;\"  data-wow-duration=\"0.75s\" data-wow-delay=\"0.3s\">\r\n\t\t\t<img decoding=\"async\" alt=\"image\" src=\"https:\/\/book.dsoft.dev\/oldsalasperez\/wp-content\/uploads\/2019\/09\/Ser1_AseEsp_SP.jpg\" \/> \r\n\t\t<\/div>\r\n\t\t<\/div>\r\n\t<\/div>\r\n\t<div class=\"startflow-spacer clearfix\" data-desktop=\"0\" data-mobi=\"0\" data-smobi=\"0\"><\/div>[\/vc_column_inner][vc_column_inner width=&#8221;1\/2&#8243;]\r\n\t<div class=\"startflow-accordions accordions\"><div class=\"accordion-item style-2 active\" style=\"margin-bottom:10px;\"><h3 class=\"accordion-heading\" style=\"\">\r\n\t\t\t<span class=\"inner\" style=\"\">\r\n\t\t\t\tDECLARACIONES\r\n\t\t\t<\/span>\r\n\t\t<\/h3><div class=\"accordion-content\" style=\"\"><ul>\n<li>Revisi\u00f3n o elaboraci\u00f3n de declaraciones anuales.<\/li>\n<li>Revisi\u00f3n o elaboraci\u00f3n de pagos provisionales o definitivos de ISR, IVA, IMPAC, Impuesto local sobre n\u00f3minas, etc.<\/li>\n<li>Revisi\u00f3n o elaboraci\u00f3n de declaraciones informativas (sueldos y salarios, retenciones ISR e IVA, Operaciones con terceros, etc.<\/li>\n<\/ul>\n<\/div><\/div><div class=\"accordion-item style-2 active\" style=\"margin-bottom:10px;\"><h3 class=\"accordion-heading\" style=\"\">\r\n\t\t\t<span class=\"inner\" style=\"\">\r\n\t\t\t\tTRABAJOS ESPECIALES\r\n\t\t\t<\/span>\r\n\t\t<\/h3><div class=\"accordion-content\" style=\"\"><ul>\n<li>Revisi\u00f3n o c\u00e1lculo de las cuentas de Capital de Aportaci\u00f3n Actualizado (CUCA), Utilidad Fiscal Neta (CUFIN), Utilidad Fiscal Neta Reinvertida (CUFINRE).<\/li>\n<li>Revisi\u00f3n o c\u00e1lculo de la Participaci\u00f3n de los Trabajadores en las Utilidades de las empresas (PTU).<\/li>\n<li>Revisi\u00f3n o c\u00e1lculo del costo fiscal de acciones.<\/li>\n<li>Revisi\u00f3n o elaboraci\u00f3n del plan de previsi\u00f3n social de la empresa.<\/li>\n<\/ul>\n<\/div><\/div><div class=\"accordion-item style-2 active\" style=\"margin-bottom:10px;\"><h3 class=\"accordion-heading\" style=\"\">\r\n\t\t\t<span class=\"inner\" style=\"\">\r\n\t\t\t\tTRIBUTACI\u00d3N INTERNACIONAL\r\n\t\t\t<\/span>\r\n\t\t<\/h3><div class=\"accordion-content\" style=\"\"><p align=\"justify\">Estudio y an\u00e1lisis de los tipos de operaciones que, con residentes en el extranjero, son efectuados a fin de aplicar la normatividad establecida por la ley dom\u00e9stica en relaci\u00f3n con los convenios para evitar la doble imposici\u00f3n.<\/p>\n<\/div><\/div><\/div>[\/vc_column_inner][\/vc_row_inner][\/vc_column][\/vc_row]<\/p>\n<\/section>","protected":false},"excerpt":{"rendered":"<p>[vc_row][vc_column][vc_row_inner][vc_column_inner width=&#8221;1\/2&#8243;][\/vc_column_inner][vc_column_inner width=&#8221;1\/2&#8243;][\/vc_column_inner][\/vc_row_inner][\/vc_column][\/vc_row]<\/p>\n","protected":false},"author":2,"featured_media":0,"parent":1326,"menu_order":0,"comment_status":"closed","ping_status":"closed","template":"","meta":{"footnotes":""},"class_list":["post-11104","page","type-page","status-publish","hentry"],"_links":{"self":[{"href":"https:\/\/book.dsoft.dev\/oldsalasperez\/wp-json\/wp\/v2\/pages\/11104","targetHints":{"allow":["GET"]}}],"collection":[{"href":"https:\/\/book.dsoft.dev\/oldsalasperez\/wp-json\/wp\/v2\/pages"}],"about":[{"href":"https:\/\/book.dsoft.dev\/oldsalasperez\/wp-json\/wp\/v2\/types\/page"}],"author":[{"embeddable":true,"href":"https:\/\/book.dsoft.dev\/oldsalasperez\/wp-json\/wp\/v2\/users\/2"}],"replies":[{"embeddable":true,"href":"https:\/\/book.dsoft.dev\/oldsalasperez\/wp-json\/wp\/v2\/comments?post=11104"}],"version-history":[{"count":6,"href":"https:\/\/book.dsoft.dev\/oldsalasperez\/wp-json\/wp\/v2\/pages\/11104\/revisions"}],"predecessor-version":[{"id":11290,"href":"https:\/\/book.dsoft.dev\/oldsalasperez\/wp-json\/wp\/v2\/pages\/11104\/revisions\/11290"}],"up":[{"embeddable":true,"href":"https:\/\/book.dsoft.dev\/oldsalasperez\/wp-json\/wp\/v2\/pages\/1326"}],"wp:attachment":[{"href":"https:\/\/book.dsoft.dev\/oldsalasperez\/wp-json\/wp\/v2\/media?parent=11104"}],"curies":[{"name":"wp","href":"https:\/\/api.w.org\/{rel}","templated":true}]}}