{"id":11108,"date":"2019-09-11T01:30:32","date_gmt":"2019-09-11T01:30:32","guid":{"rendered":"https:\/\/book.dsoft.dev\/oldsalasperez\/?page_id=11108"},"modified":"2019-09-19T18:40:00","modified_gmt":"2019-09-19T18:40:00","slug":"servicios-outsourcing","status":"publish","type":"page","link":"https:\/\/book.dsoft.dev\/oldsalasperez\/servicios\/servicios-outsourcing\/","title":{"rendered":"Servicios Outsourcing"},"content":{"rendered":"<section class=\"wpb-content-wrapper\"><p>[vc_row][vc_column]<div class=\"startflow-single-heading clearfix text-center\" style=\"margin-bottom:20px;\"><span class=\"inner\"><span class=\"heading clearfix  accent\" style=\"font-size:20px;\">\r\n\t\tLas finanzas de tu empresa bien cuidadas\r\n\t<\/span><\/span><\/div><div class=\"startflow-headings clearfix text-center\"  style=\"\"><h2 class=\"heading clearfix \" style=\"\">\r\n\t\tSERVICIOS OUTSOURCING\r\n\t<\/h2><p class=\"sub-heading clearfix\" style=\"font-style:normal;max-width:740px;margin-left: auto; margin-right: auto;\">\r\n\t\tTe presentamos nuestro portafolio de servicios\r\n\t<\/p><\/div>\r\n\t<div class=\"startflow-spacer clearfix\" data-desktop=\"90\" data-mobi=\"60\" data-smobi=\"60\"><\/div>[vc_row_inner][vc_column_inner width=&#8221;1\/2&#8243;]<div class=\"startflow-content-box clearfix \" data-padding=\"\" data-mobipadding=\"\" data-margin=\"\" data-mobimargin=\"\" >\r\n\t\t<div class=\"inner ctb-1746506283\" style=\"\"  data-background=\"\">\r\n\t\t\t<div class=\"startflow-simple-image text-center wow fadeInLeft\" style=\"border-radius:5px;overflow:hidden;\"  data-wow-duration=\"0.75s\" data-wow-delay=\"0.3s\">\r\n\t\t\t<img decoding=\"async\" alt=\"image\" src=\"https:\/\/book.dsoft.dev\/oldsalasperez\/wp-content\/uploads\/2019\/09\/Ser1_SerOut_SP.jpg\" \/> \r\n\t\t<\/div>\r\n\t\t<\/div>\r\n\t<\/div>\r\n\t<div class=\"startflow-spacer clearfix\" data-desktop=\"0\" data-mobi=\"0\" data-smobi=\"0\"><\/div>[\/vc_column_inner][vc_column_inner width=&#8221;1\/2&#8243;]\r\n\t<div class=\"startflow-accordions accordions\"><div class=\"accordion-item style-2 active\" style=\"margin-bottom:10px;\"><h3 class=\"accordion-heading\" style=\"\">\r\n\t\t\t<span class=\"inner\" style=\"\">\r\n\t\t\t\tREG\u00cdMENES ESPECIALES\r\n\t\t\t<\/span>\r\n\t\t<\/h3><div class=\"accordion-content\" style=\"\"><ul>\n<li>Actividades empresariales y profesionales.<\/li>\n<li>R\u00e9gimen Incorporaci\u00f3n.<\/li>\n<li>Arrendamiento.<\/li>\n<\/ul>\n<\/div><\/div><div class=\"accordion-item style-2 active\" style=\"margin-bottom:10px;\"><h3 class=\"accordion-heading\" style=\"\">\r\n\t\t\t<span class=\"inner\" style=\"\">\r\n\t\t\t\tESTUDIOS DE PRECIOS DE TRANSFERENCIA\r\n\t\t\t<\/span>\r\n\t\t<\/h3><div class=\"accordion-content\" style=\"\"><p align=\"justify\">Elaboraci\u00f3n del Estudio de Precios de Transferencia de acuerdo a disposiciones legales establecidas en materia de Impuesto Sobre la Renta para todas aquellas empresas que tengan partes relacionadas ya sea residentes en territorio nacional o en el extranjero.<\/p>\n<\/div><\/div><div class=\"accordion-item style-2 active\" style=\"margin-bottom:10px;\"><h3 class=\"accordion-heading\" style=\"\">\r\n\t\t\t<span class=\"inner\" style=\"\">\r\n\t\t\t\tOUTSOURCING\r\n\t\t\t<\/span>\r\n\t\t<\/h3><div class=\"accordion-content\" style=\"\"><p align=\"justify\">A trav\u00e9s de la implementaci\u00f3n del outsourcing se busca optimizar la carga administrativa y financiera que la gesti\u00f3n del talento humano implica.<\/p>\n<\/div><\/div><div class=\"accordion-item style-2 active\" style=\"margin-bottom:10px;\"><h3 class=\"accordion-heading\" style=\"\">\r\n\t\t\t<span class=\"inner\" style=\"\">\r\n\t\t\t\tASESOR\u00cdA CONTABLE Y FISCAL\r\n\t\t\t<\/span>\r\n\t\t<\/h3><div class=\"accordion-content\" style=\"\"><p align=\"justify\">Elaboramos la contabilidad de su empresa (en sus instalaciones v\u00eda remota o en las nuestras) mediante un detallado registro de sus operaciones, garantizando el adecuado resguardo de su informaci\u00f3n, resultando en cifras, estad\u00edsticas y datos que son fundamentales para la toma de decisiones.<\/p>\n<\/div><\/div><div class=\"accordion-item style-2 active\" style=\"margin-bottom:10px;\"><h3 class=\"accordion-heading\" style=\"\">\r\n\t\t\t<span class=\"inner\" style=\"\">\r\n\t\t\t\tASESOR\u00cdA FISCAL\r\n\t\t\t<\/span>\r\n\t\t<\/h3><div class=\"accordion-content\" style=\"\"><p align=\"justify\">Brindamos todo el soporte que le permita cumplir con sus obligaciones fiscales y desarrollo de alternativas adecuadas a la medida de su empresa.<\/p>\n<\/div><\/div><div class=\"accordion-item style-2 active\" style=\"margin-bottom:10px;\"><h3 class=\"accordion-heading\" style=\"\">\r\n\t\t\t<span class=\"inner\" style=\"\">\r\n\t\t\t\tAUDITORIAS\r\n\t\t\t<\/span>\r\n\t\t<\/h3><div class=\"accordion-content\" style=\"\"><p align=\"justify\">Brindamos servicios de auditorias financieras, fiscales, para IMSS y especiales.<\/p>\n<\/div><\/div><div class=\"accordion-item style-2 active\" style=\"margin-bottom:10px;\"><h3 class=\"accordion-heading\" style=\"\">\r\n\t\t\t<span class=\"inner\" style=\"\">\r\n\t\t\t\tTRIBUTACI\u00d3N INTERNACIONAL\r\n\t\t\t<\/span>\r\n\t\t<\/h3><div class=\"accordion-content\" style=\"\"><p align=\"justify\">Brindamos apoyo y asesor\u00eda en materia de operaciones celebradas con residentes en el extranjero en virtud de la globalizaci\u00f3n econ\u00f3mica a fin de disminuir el impacto en el pago de impuestos por operaciones con entidades extranjeras.<\/p>\n<\/div><\/div><div class=\"accordion-item style-2 active\" style=\"margin-bottom:10px;\"><h3 class=\"accordion-heading\" style=\"\">\r\n\t\t\t<span class=\"inner\" style=\"\">\r\n\t\t\t\tASESOR\u00cdA LEGAL\r\n\t\t\t<\/span>\r\n\t\t<\/h3><div class=\"accordion-content\" style=\"\"><p align=\"justify\">Nuestra asesor\u00eda legal tiene como finalidad proporcionar elementos para toma decisiones en los \u00e1mbitos corporativo, fiscal y laboral Lo anterior brindando un enfoque integral orientado a la prevenci\u00f3n.<\/p>\n<\/div><\/div><div class=\"accordion-item style-2 active\" style=\"margin-bottom:10px;\"><h3 class=\"accordion-heading\" style=\"\">\r\n\t\t\t<span class=\"inner\" style=\"\">\r\n\t\t\t\tASESOR\u00cdA PARA SU NEGOCIO\r\n\t\t\t<\/span>\r\n\t\t<\/h3><div class=\"accordion-content\" style=\"\"><p align=\"justify\">Brindamos un servicio de asesor\u00eda en implementaci\u00f3n organizacional Definici\u00f3n de objetivos, instrumentos de medici\u00f3n y en general una serie de recomendaciones y alternativas para darle a su negocio una perspectiva cortada a la medida.<\/p>\n<\/div><\/div><\/div>[\/vc_column_inner][\/vc_row_inner][\/vc_column][\/vc_row]<\/p>\n<\/section>","protected":false},"excerpt":{"rendered":"<p>[vc_row][vc_column][vc_row_inner][vc_column_inner width=&#8221;1\/2&#8243;][\/vc_column_inner][vc_column_inner width=&#8221;1\/2&#8243;][\/vc_column_inner][\/vc_row_inner][\/vc_column][\/vc_row]<\/p>\n","protected":false},"author":2,"featured_media":0,"parent":1326,"menu_order":0,"comment_status":"closed","ping_status":"closed","template":"","meta":{"footnotes":""},"class_list":["post-11108","page","type-page","status-publish","hentry"],"_links":{"self":[{"href":"https:\/\/book.dsoft.dev\/oldsalasperez\/wp-json\/wp\/v2\/pages\/11108","targetHints":{"allow":["GET"]}}],"collection":[{"href":"https:\/\/book.dsoft.dev\/oldsalasperez\/wp-json\/wp\/v2\/pages"}],"about":[{"href":"https:\/\/book.dsoft.dev\/oldsalasperez\/wp-json\/wp\/v2\/types\/page"}],"author":[{"embeddable":true,"href":"https:\/\/book.dsoft.dev\/oldsalasperez\/wp-json\/wp\/v2\/users\/2"}],"replies":[{"embeddable":true,"href":"https:\/\/book.dsoft.dev\/oldsalasperez\/wp-json\/wp\/v2\/comments?post=11108"}],"version-history":[{"count":6,"href":"https:\/\/book.dsoft.dev\/oldsalasperez\/wp-json\/wp\/v2\/pages\/11108\/revisions"}],"predecessor-version":[{"id":11291,"href":"https:\/\/book.dsoft.dev\/oldsalasperez\/wp-json\/wp\/v2\/pages\/11108\/revisions\/11291"}],"up":[{"embeddable":true,"href":"https:\/\/book.dsoft.dev\/oldsalasperez\/wp-json\/wp\/v2\/pages\/1326"}],"wp:attachment":[{"href":"https:\/\/book.dsoft.dev\/oldsalasperez\/wp-json\/wp\/v2\/media?parent=11108"}],"curies":[{"name":"wp","href":"https:\/\/api.w.org\/{rel}","templated":true}]}}