{"id":1316,"date":"2017-10-16T04:10:26","date_gmt":"2017-10-16T04:10:26","guid":{"rendered":"http:\/\/ninzio.com\/startflow\/?page_id=1316"},"modified":"2020-07-15T17:59:18","modified_gmt":"2020-07-15T17:59:18","slug":"nosotros","status":"publish","type":"page","link":"https:\/\/book.dsoft.dev\/oldsalasperez\/nosotros\/","title":{"rendered":"Nosotros"},"content":{"rendered":"<section class=\"wpb-content-wrapper\"><p>[vc_row][vc_column]\r\n\t<div class=\"startflow-spacer clearfix\" data-desktop=\"67\" data-mobi=\"60\" data-smobi=\"60\"><\/div>[\/vc_column][\/vc_row][vc_row][vc_column width=&#8221;1\/2&#8243;]\r\n\t<div class=\"startflow-spacer clearfix\" data-desktop=\"73\" data-mobi=\"0\" data-smobi=\"0\"><\/div><div class=\"startflow-single-heading clearfix \" style=\"margin-bottom:20px;\"><span class=\"inner\"><span class=\"heading clearfix  accent\" style=\"font-size:20px;\">\r\n\t\tSobre Nosotros\r\n\t<\/span><\/span><\/div><div class=\"startflow-headings clearfix \"  style=\"\"><h2 class=\"heading clearfix \" style=\"margin-bottom:12px;\">\r\n\t\tNUESTRA EMPRESA\r\n\t<\/h2><div class=\"sep accent clearfix\" style=\"width:70px;height:2px;\"><\/div><div class=\"extra-content clearfix\" style=\"max-width:540px;\">\r\n\t\t<p align=\"justify\">Somos un grupo de expertos ofrecemos el servicio de consultor\u00eda en las \u00e1reas de contabilidad, estrategia fiscal, seguridad social, comprometidos con el negocio de nuestros clientes, y orientados a consolidar una estrecha relaci\u00f3n y atenci\u00f3n personalizada, sobre la base de una rec\u00edproca confianza. Contribuimos a que nuestros clientes inviertan su tiempo en lo que mejor saben hacer, mientras que nosotros nos ocupamos en resolver sus preocupaciones.<\/p>\n\r\n\t<\/div><\/div>\r\n\t<div class=\"startflow-spacer clearfix\" data-desktop=\"45\" data-mobi=\"30\" data-smobi=\"30\"><\/div>[vc_row_inner column_inner_spacing=&#8221;50&#8243;][vc_column_inner width=&#8221;1\/2&#8243;]<div class=\"startflow-counter clearfix style-1 \"  data-font=42><div class=\"inner\"><div class=\"icon-wrap\"><\/div><div class=\"text-wrap\"><h3 class=\"number-wrap heading\" style=\"font-weight:600;line-height:42px;font-size:42px;\"><span class=\"prefix \" style=\"\"><\/span><span class=\"number accent\" data-speed=\"5000\" data-from=\"0\" data-to=\"80\"> 80<\/span><span class=\"suffix accent\" style=\"\">+<\/span><\/h3><div class=\"title\" style=\"font-weight:900;color:#071e57;font-size:14px;margin-top:17px;\">\r\n\t\tClientes\r\n\t<\/div><\/div><\/div><\/div><div class=\"startflow-divider divider-center divider-solid\" style=\"border-top-color:#e7e7e7;margin-top:14px;margin-bottom:12px;\"><\/div><div class=\"clearfix\"><\/div><div class=\"startflow-text clearfix \" style=\"\"><p align=\"justify\">Creemos en el poder de nuestros clientes y sus negocios.<\/p>\n<\/div>\r\n\t<div class=\"startflow-spacer clearfix\" data-desktop=\"0\" data-mobi=\"35\" data-smobi=\"35\"><\/div>[\/vc_column_inner][vc_column_inner width=&#8221;1\/2&#8243;]<div class=\"startflow-counter clearfix style-1 \"  data-font=42><div class=\"inner\"><div class=\"icon-wrap\"><\/div><div class=\"text-wrap\"><h3 class=\"number-wrap heading\" style=\"font-weight:600;line-height:42px;font-size:42px;\"><span class=\"prefix \" style=\"\"><\/span><span class=\"number accent\" data-speed=\"5000\" data-from=\"0\" data-to=\"2040\"> 2040<\/span><span class=\"suffix accent\" style=\"\">+<\/span><\/h3><div class=\"title\" style=\"font-weight:900;color:#071e57;font-size:14px;margin-top:17px;\">\r\n\t\tDeclaraciones\r\n\t<\/div><\/div><\/div><\/div><div class=\"startflow-divider divider-center divider-solid\" style=\"border-top-color:#e7e7e7;margin-top:14px;margin-bottom:12px;\"><\/div><div class=\"clearfix\"><\/div><div class=\"startflow-text clearfix \" style=\"\"><p align=\"justify\">Declaraciones provisionales, anuales e informativas.<\/p>\n<\/div>[\/vc_column_inner][\/vc_row_inner]\r\n\t<div class=\"startflow-spacer clearfix\" data-desktop=\"200\" data-mobi=\"60\" data-smobi=\"60\"><\/div>[\/vc_column][vc_column width=&#8221;1\/2&#8243;][vc_video link=&#8221;https:\/\/www.youtube.com\/watch?v=XV9s9hOaYZ8&#8243; css=&#8221;.vc_custom_1572977051850{background-image: url(https:\/\/book.dsoft.dev\/oldsalasperez\/wp-content\/uploads\/2019\/09\/servicios_header.jpg?id=11032) !important;}&#8221;][\/vc_column][\/vc_row][vc_row css=&#8221;.vc_custom_1560239256635{background-color: #f8faff !important;}&#8221;][vc_column]\r\n\t<div class=\"startflow-spacer clearfix\" data-desktop=\"90\" data-mobi=\"60\" data-smobi=\"60\"><\/div><div class=\"startflow-headings clearfix text-center\"  style=\"\"><h2 class=\"heading clearfix \" style=\"max-width:750px;margin-left: auto; margin-right: auto;line-height:44px;margin-bottom:12px;\">\r\n\t\tNuestras Bases\r\n\t<\/h2><p class=\"sub-heading clearfix\" style=\"font-style:normal;font-size:16px;line-height:29px;max-width:540px;margin-left: auto; margin-right: auto;\">\r\n\t\tTe apoyamos en la estabilidad de tu negocio y\/o empresa\r\n\t<\/p><\/div>\r\n\t<div class=\"startflow-spacer clearfix\" data-desktop=\"75\" data-mobi=\"40\" data-smobi=\"40\"><\/div>[vc_row_inner][vc_column_inner width=&#8221;1\/3&#8243;]<div class=\"startflow-content-box clearfix  wow fadeInUp\" data-padding=\"50px 30px 40px\" data-mobipadding=\"50px 30px 40px\" data-margin=\"\" data-mobimargin=\"\"  data-wow-duration=\"0.75s\" data-wow-delay=\"0.3s\">\r\n\t\t<div class=\"inner ctb-1176738538\" style=\"\"  data-background=\"#ffffff\" data-rounded=\"5px\" data-shadow=\" 0px 20px 70px 0px rgba(0,0,0,0.05)\">\r\n\t\t\t<div class=\"startflow-icon-box clearfix icon-top align-center  simple\" style=\"\" ><div class=\"wrap-inner\" style=\"position: relative;\"><div class=\"startflow-icon icon-2014729844 custom custom\"  data-icon=\"\" data-background=\"\">\r\n\t\t\t\t<span class=\"icon\" style=\"font-size:30px;width:60px;height:60px;border-style:solid;\"><i class=\"pe-7s-helm\"><\/i><\/span>\r\n\t\t\t<\/div> <h3 class=\"heading \" style=\"font-size:18px;margin-bottom:25px;\">\r\n\t\t\t<span>MISI\u00d3N<\/span>\r\n\t\t<\/h3><div class=\"desc\" style=\"font-size:16px;line-height:29px;margin-bottom:34px;\"><p align=\"justify\">Brindar servicios profesionales que coadyuven a las buenas pr\u00e1cticas administrativas, fiscales y financieras, para una adecuada toma de decisiones en su empresa.<\/p>\n<\/div> <\/div><\/div>\r\n\t\t<\/div>\r\n\t<\/div>\r\n\t<div class=\"startflow-spacer clearfix\" data-desktop=\"0\" data-mobi=\"30\" data-smobi=\"30\"><\/div>[\/vc_column_inner][vc_column_inner width=&#8221;1\/3&#8243;]<div class=\"startflow-content-box clearfix  wow fadeInUp\" data-padding=\"50px 30px 40px\" data-mobipadding=\"50px 30px 40px\" data-margin=\"\" data-mobimargin=\"\"  data-wow-duration=\"0.75s\" data-wow-delay=\"0.6s\">\r\n\t\t<div class=\"inner ctb-1524774571\" style=\"\"  data-background=\"#ffffff\" data-rounded=\"5px\" data-shadow=\" 0px 20px 70px 0px rgba(0,0,0,0.05)\">\r\n\t\t\t<div class=\"startflow-icon-box clearfix icon-top align-center  simple\" style=\"\" ><div class=\"wrap-inner\" style=\"position: relative;\"><div class=\"startflow-icon icon-1535823179 custom custom\"  data-icon=\"\" data-background=\"\">\r\n\t\t\t\t<span class=\"icon\" style=\"font-size:30px;width:60px;height:60px;border-style:solid;\"><i class=\"pe-7s-target\"><\/i><\/span>\r\n\t\t\t<\/div> <h3 class=\"heading \" style=\"font-size:18px;margin-bottom:25px;\">\r\n\t\t\t<span>VISI\u00d3N<\/span>\r\n\t\t<\/h3><div class=\"desc\" style=\"font-size:16px;line-height:29px;margin-bottom:34px;\"><p align=\"justify\">Ser un grupo de profesionistas\u00a0con presencia en la Ciudad de M\u00e9xico, Estado de M\u00e9xico y en toda la Rep\u00fablica M\u00e9xicana. Agrupamos a profesionistas especializados en el \u00e1rea fiscal, seguridad social y corporativo. Comprometidos con incrementar la rentabilidad de nuestros clientes dentro del marco jur\u00eddico establecido, ofreciendo servicios integrales, con atenci\u00f3n personalizada y valor agregado.<\/p>\n<\/div> <\/div><\/div>\r\n\t\t<\/div>\r\n\t<\/div>\r\n\t<div class=\"startflow-spacer clearfix\" data-desktop=\"0\" data-mobi=\"30\" data-smobi=\"30\"><\/div>[\/vc_column_inner][vc_column_inner width=&#8221;1\/3&#8243;]<div class=\"startflow-content-box clearfix  wow fadeInUp\" data-padding=\"50px 30px 40px\" data-mobipadding=\"50px 30px 40px\" data-margin=\"\" data-mobimargin=\"\"  data-wow-duration=\"0.75s\" data-wow-delay=\"0.9s\">\r\n\t\t<div class=\"inner ctb-1708198545\" style=\"\"  data-background=\"#ffffff\" data-rounded=\"5px\" data-shadow=\" 0px 20px 70px 0px rgba(0,0,0,0.05)\">\r\n\t\t\t<div class=\"startflow-icon-box clearfix icon-top align-center  simple\" style=\"\" ><div class=\"wrap-inner\" style=\"position: relative;\"><div class=\"startflow-icon icon-2077197058 custom custom\"  data-icon=\"\" data-background=\"\">\r\n\t\t\t\t<span class=\"icon\" style=\"font-size:30px;width:60px;height:60px;border-style:solid;\"><i class=\"pe-7s-star\"><\/i><\/span>\r\n\t\t\t<\/div> <h3 class=\"heading \" style=\"font-size:18px;margin-bottom:25px;\">\r\n\t\t\t<span>VALORES<\/span>\r\n\t\t<\/h3><div class=\"desc\" style=\"font-size:16px;line-height:29px;margin-bottom:34px;\"><p align=\"justify\">Somos profesionistas que ofrecemos el servicio de consultor\u00eda en las \u00e1reas de contabilidad, estrategia fiscal, seguridad social, comprometidos con el negocio de nuestros clientes, y orientados a consolidar una estrecha relaci\u00f3n y atenci\u00f3n personalizada, sobre la base de una rec\u00edproca confianza.<\/p>\n<\/div> <\/div><\/div>\r\n\t\t<\/div>\r\n\t<\/div>[\/vc_column_inner][\/vc_row_inner]\r\n\t<div class=\"startflow-spacer clearfix\" data-desktop=\"100\" data-mobi=\"60\" data-smobi=\"60\"><\/div>[\/vc_column][\/vc_row][vc_row column_spacing=&#8221;0px&#8221; css=&#8221;.vc_custom_1568846961493{background-position: center !important;background-repeat: no-repeat !important;background-size: cover !important;}&#8221;][vc_column]\r\n\t<div class=\"startflow-spacer clearfix\" data-desktop=\"40\" data-mobi=\"40\" data-smobi=\"40\"><\/div>[vc_row_inner css=&#8221;.vc_custom_1568847053467{background-position: center !important;background-repeat: no-repeat !important;background-size: cover !important;}&#8221;][vc_column_inner width=&#8221;1\/2&#8243;]\r\n\t<div class=\"startflow-spacer clearfix\" data-desktop=\"50\" data-mobi=\"20\" data-smobi=\"20\"><\/div><div class=\"startflow-parallax-box text-center\" style=\"top:50px;\"><div style=\"display: inline-block;\" data-parallax='{\"x\" : 0, \"y\" : -50}'><div class=\"startflow-simple-image text-center\" style=\"\" >\r\n\t\t\t<img decoding=\"async\" alt=\"image\" src=\"https:\/\/book.dsoft.dev\/oldsalasperez\/wp-content\/uploads\/2019\/09\/Nosotros2_SP-02.jpg\" \/> \r\n\t\t<\/div><\/div><\/div>\r\n\t<div class=\"startflow-spacer clearfix\" data-desktop=\"0\" data-mobi=\"35\" data-smobi=\"35\"><\/div>[\/vc_column_inner][vc_column_inner width=&#8221;1\/2&#8243;]\r\n\t<div class=\"startflow-spacer clearfix\" data-desktop=\"100\" data-mobi=\"0\" data-smobi=\"0\"><\/div><div class=\"startflow-single-heading clearfix \" style=\"margin-bottom:20px;\"><span class=\"inner\"><span class=\"heading clearfix  accent\" style=\"font-size:20px;\">\r\n\t\tHemos ido creciendo a cada paso\r\n\t<\/span><\/span><\/div><div class=\"startflow-headings clearfix \"  style=\"\"><h2 class=\"heading clearfix \" style=\"margin-bottom:12px;\">\r\n\t\tNuestra Historia\r\n\t<\/h2><\/div>\r\n\t<div class=\"startflow-spacer clearfix\" data-desktop=\"35\" data-mobi=\"35\" data-smobi=\"35\"><\/div><div class=\"startflow-list clearfix icon-top\" >\r\n\t\t<div style=\"margin-bottom:10px;\">\r\n\t\t\t<span style=\"padding-left:42px;\"><span class=\"icon \" style=\"color:#2ed47d;font-size:20px;line-height:26px;\">\r\n\t\t\t<i class=\"fa fa-check\"><\/i>\r\n\t\t<\/span> <span style=\"\">Inicio de operaciones en 1996, actualmente contamos con 21 a\u00f1os de experiencia.<\/span><\/span>\r\n\t\t<\/div>\r\n\t<\/div><div class=\"startflow-list clearfix icon-top\" >\r\n\t\t<div style=\"margin-bottom:10px;\">\r\n\t\t\t<span style=\"padding-left:42px;\"><span class=\"icon \" style=\"color:#2ed47d;font-size:20px;line-height:26px;\">\r\n\t\t\t<i class=\"fa fa-check\"><\/i>\r\n\t\t<\/span> <span style=\"\">Creemos en la atenci\u00f3n enfocada al cliente.<\/span><\/span>\r\n\t\t<\/div>\r\n\t<\/div><div class=\"startflow-list clearfix icon-top\" >\r\n\t\t<div style=\"\">\r\n\t\t\t<span style=\"padding-left:42px;\"><span class=\"icon \" style=\"color:#2ed47d;font-size:20px;line-height:26px;\">\r\n\t\t\t<i class=\"fa fa-check\"><\/i>\r\n\t\t<\/span> <span style=\"\"><\/p>\n<p align=\"justify\">Somos un grupo de profesionistas que ofrecemos servicios de consultor\u00eda en \u00e1reas de contabilidad, estrategia fiscal y seguridad social comprometidos con el negocio de nuestros clientes, y orientados a consolidar una estrecha relaci\u00f3n y atenci\u00f3n personalizada, sobre la base de una rec\u00edproca confianza.<\/p>\n<p><\/span><\/span>\r\n\t\t<\/div>\r\n\t<\/div><div class=\"startflow-list clearfix icon-top\" >\r\n\t\t<div style=\"\">\r\n\t\t\t<span style=\"padding-left:42px;\"><span class=\"icon \" style=\"color:#2ed47d;font-size:20px;line-height:26px;\">\r\n\t\t\t<i class=\"fa fa-check\"><\/i>\r\n\t\t<\/span> <span style=\"\"><\/p>\n<p align=\"justify\">Contribuimos a que nuestros clientes puedan centrar sus esfuerzos en su negocio, mientras que nosotros nos ocupamos en resolver sus preocupaciones.<\/p>\n<p><\/span><\/span>\r\n\t\t<\/div>\r\n\t<\/div><div class=\"startflow-list clearfix icon-top\" >\r\n\t\t<div style=\"\">\r\n\t\t\t<span style=\"padding-left:42px;\"><span class=\"icon \" style=\"color:#2ed47d;font-size:20px;line-height:26px;\">\r\n\t\t\t<i class=\"fa fa-check\"><\/i>\r\n\t\t<\/span> <span style=\"\"><\/p>\n<p align=\"justify\">Haciendo una alianza con nuestros clientes logramos disminuir sus gastos, aumentar ingresos y trabajar de forma m\u00e1s efectiva con resultados 100% comprobables.<\/p>\n<p><\/span><\/span>\r\n\t\t<\/div>\r\n\t<\/div>\r\n\t<div class=\"startflow-spacer clearfix\" data-desktop=\"42\" data-mobi=\"30\" data-smobi=\"30\"><\/div>[\/vc_column_inner][\/vc_row_inner]\r\n\t<div class=\"startflow-spacer clearfix\" data-desktop=\"100\" data-mobi=\"60\" data-smobi=\"60\"><\/div>[\/vc_column][\/vc_row][vc_row css=&#8221;.vc_custom_1561695747213{background-image: url(http:\/\/ninzio.com\/startflow\/wp-content\/uploads\/2019\/06\/img-35.png?id=10414) !important;background-position: center !important;background-repeat: no-repeat !important;background-size: cover !important;}&#8221;][vc_column]\r\n\t<div class=\"startflow-spacer clearfix\" data-desktop=\"75\" data-mobi=\"35\" data-smobi=\"35\"><\/div>\r\n<div class=\"startflow-testimonials  has-borders\" data-center=\"false\" data-padding=\"35%\" data-slide=\"2\">\r\n\t\r\n    \t\t<div class=\"item\"><div class=\"shadow\"><div class=\"inner\">\r\n\t \t\t<div class=\"thumb\"><img loading=\"lazy\" decoding=\"async\" width=\"70\" height=\"70\" src=\"https:\/\/book.dsoft.dev\/oldsalasperez\/wp-content\/uploads\/2019\/06\/TestiIP_SP_Mesa-de-trabajo-1.jpg\" class=\"attachment-full size-full wp-post-image\" alt=\"\" \/><\/div>\r\n\t        \t<div class=\"person\"><h4 class=\"name\">L.D.G. Isabel P\u00e9rez<\/h4> <div class=\"position\">Freelancer<\/div><\/div>\r\n\t        \t<div class=\"text\"><div class=\"text\"><p align=\"justify\">\"Ha sido muy c\u00f3modo y pr\u00e1ctico trabajar con Gaby Salas y su equipo, pues cuando he acudido a ellos para orientaci\u00f3n o alguna duda, la ha resuelto de manera r\u00e1pida y efectiva.\"<\/p><\/div><\/div>\t\t<\/div><\/div><\/div>\r\n\t\t\t<div class=\"item\"><div class=\"shadow\"><div class=\"inner\">\r\n\t \t\t<div class=\"thumb\"><img loading=\"lazy\" decoding=\"async\" width=\"70\" height=\"70\" src=\"https:\/\/book.dsoft.dev\/oldsalasperez\/wp-content\/uploads\/2019\/06\/TestiJA_SP_Mesa-de-trabajo-1.jpg\" class=\"attachment-full size-full wp-post-image\" alt=\"\" \/><\/div>\r\n\t        \t<div class=\"person\"><h4 class=\"name\">D. G. Jorge A. Gonz\u00e1lez S.<\/h4> <div class=\"position\">Grupo Diquima S.A. de C.V.<\/div><\/div>\r\n\t        \t<div class=\"text\"><div class=\"text\"><p align=\"justify\">\"Agradecemos el gran apoyo, asesor\u00eda, y sobre todo la planeaci\u00f3n financiera  ya que ha sido muy beneficiosa para capitalizar nuestros recursos, utilizarlos de la mejor manera y ayudarnos a cumplir con nuestras obligaciones fiscales, pero viendo tambi\u00e9n la manera de obtener los recursos para poder invertirlos a la empresa y fortalecerla\". <\/p><\/div><\/div>\t\t<\/div><\/div><\/div>\r\n\t\t\t<div class=\"item\"><div class=\"shadow\"><div class=\"inner\">\r\n\t \t\t<div class=\"thumb\"><img loading=\"lazy\" decoding=\"async\" width=\"70\" height=\"70\" src=\"https:\/\/book.dsoft.dev\/oldsalasperez\/wp-content\/uploads\/2018\/11\/TestiAG_SP_Mesa-de-trabajo-1.jpg\" class=\"attachment-full size-full wp-post-image\" alt=\"\" \/><\/div>\r\n\t        \t<div class=\"person\"><h4 class=\"name\">D.G. Alfonso G\u00f3mez<\/h4> <div class=\"position\">Restaur\u00e1ndonos MX Sapi de C.V.<\/div><\/div>\r\n\t        \t<div class=\"text\"><div class=\"text\"><p align=\"justify\">\"Es un despacho \u00fanico, multifuncional y ampliamente adaptable. Realmente atienden mis necesidades de manera personal e inmediata\u201d. <\/p><\/div><\/div>\t\t<\/div><\/div><\/div>\r\n\t\t\t<div class=\"item\"><div class=\"shadow\"><div class=\"inner\">\r\n\t \t\t<div class=\"thumb\"><img loading=\"lazy\" decoding=\"async\" width=\"70\" height=\"70\" src=\"https:\/\/book.dsoft.dev\/oldsalasperez\/wp-content\/uploads\/2018\/11\/TestiJR_SP_Mesa-de-trabajo-1.jpg\" class=\"attachment-full size-full wp-post-image\" alt=\"\" \/><\/div>\r\n\t        \t<div class=\"person\"><h4 class=\"name\">CEO and Founder Jorge Rodr\u00edguez<\/h4> <div class=\"position\">DannyyeSoft<\/div><\/div>\r\n\t        \t<div class=\"text\"><div class=\"text\"><p align=\"justify\">\"Es un despacho que logra adaptarse a las necesidades de cada cliente. Me siento muy contento y satisfecho con el servicio obtenido ya que los resultados siempre han sido favorables para la empresa.\"<\/p>\r\n\r\n<\/div><\/div>\t\t<\/div><\/div><\/div>\r\n\t\t\t<div class=\"item\"><div class=\"shadow\"><div class=\"inner\">\r\n\t \t\t<div class=\"thumb\"><img loading=\"lazy\" decoding=\"async\" width=\"70\" height=\"70\" src=\"https:\/\/book.dsoft.dev\/oldsalasperez\/wp-content\/uploads\/2018\/11\/TestiGJ_SP_Mesa-de-trabajo-1.jpg\" class=\"attachment-full size-full wp-post-image\" alt=\"\" \/><\/div>\r\n\t        \t<div class=\"person\"><h4 class=\"name\">D.G. Gonzalo Ju\u00e1rez Morales<\/h4> <div class=\"position\">Green House System S.A. de C.V.<\/div><\/div>\r\n\t        \t<div class=\"text\"><div class=\"text\"><p align=\"justify\">\"Es un despacho contable para empresas f\u00edsicas y morales, en el cual ya con a\u00f1os de experiencia, ofrecen diversos servicios en los cuales a nosotros nos han ayudado en llevar la contabilidad de la empresa al margen y con equilibrio para el buen funcionamiento de la misma\".<\/p><\/div><\/div>\t\t<\/div><\/div><\/div>\r\n\t\r\n<\/div><!-- \/.startflow-testimonials -->\r\n\r\n\r\n\t<div class=\"startflow-spacer clearfix\" data-desktop=\"90\" data-mobi=\"50\" data-smobi=\"50\"><\/div>[\/vc_column][\/vc_row]<\/p>\n<\/section>","protected":false},"excerpt":{"rendered":"<p>[vc_row][vc_column][\/vc_column][\/vc_row][vc_row][vc_column width=&#8221;1\/2&#8243;][vc_row_inner column_inner_spacing=&#8221;50&#8243;][vc_column_inner width=&#8221;1\/2&#8243;][\/vc_column_inner][vc_column_inner width=&#8221;1\/2&#8243;][\/vc_column_inner][\/vc_row_inner][\/vc_column][vc_column width=&#8221;1\/2&#8243;][vc_video link=&#8221;https:\/\/www.youtube.com\/watch?v=XV9s9hOaYZ8&#8243; css=&#8221;.vc_custom_1572977051850{background-image: url(https:\/\/book.dsoft.dev\/oldsalasperez\/wp-content\/uploads\/2019\/09\/servicios_header.jpg?id=11032) !important;}&#8221;][\/vc_column][\/vc_row][vc_row css=&#8221;.vc_custom_1560239256635{background-color: #f8faff !important;}&#8221;][vc_column][vc_row_inner][vc_column_inner width=&#8221;1\/3&#8243;][\/vc_column_inner][vc_column_inner width=&#8221;1\/3&#8243;][\/vc_column_inner][vc_column_inner width=&#8221;1\/3&#8243;][\/vc_column_inner][\/vc_row_inner][\/vc_column][\/vc_row][vc_row column_spacing=&#8221;0px&#8221; css=&#8221;.vc_custom_1568846961493{background-position: center !important;background-repeat: no-repeat !important;background-size: cover !important;}&#8221;][vc_column][vc_row_inner css=&#8221;.vc_custom_1568847053467{background-position: center !important;background-repeat: no-repeat !important;background-size: cover !important;}&#8221;][vc_column_inner width=&#8221;1\/2&#8243;][\/vc_column_inner][vc_column_inner width=&#8221;1\/2&#8243;][\/vc_column_inner][\/vc_row_inner][\/vc_column][\/vc_row][vc_row css=&#8221;.vc_custom_1561695747213{background-image: url(http:\/\/ninzio.com\/startflow\/wp-content\/uploads\/2019\/06\/img-35.png?id=10414) !important;background-position: center !important;background-repeat: no-repeat !important;background-size: cover !important;}&#8221;][vc_column][\/vc_column][\/vc_row]<\/p>\n","protected":false},"author":2,"featured_media":0,"parent":0,"menu_order":0,"comment_status":"closed","ping_status":"closed","template":"","meta":{"footnotes":""},"class_list":["post-1316","page","type-page","status-publish","hentry"],"_links":{"self":[{"href":"https:\/\/book.dsoft.dev\/oldsalasperez\/wp-json\/wp\/v2\/pages\/1316","targetHints":{"allow":["GET"]}}],"collection":[{"href":"https:\/\/book.dsoft.dev\/oldsalasperez\/wp-json\/wp\/v2\/pages"}],"about":[{"href":"https:\/\/book.dsoft.dev\/oldsalasperez\/wp-json\/wp\/v2\/types\/page"}],"author":[{"embeddable":true,"href":"https:\/\/book.dsoft.dev\/oldsalasperez\/wp-json\/wp\/v2\/users\/2"}],"replies":[{"embeddable":true,"href":"https:\/\/book.dsoft.dev\/oldsalasperez\/wp-json\/wp\/v2\/comments?post=1316"}],"version-history":[{"count":30,"href":"https:\/\/book.dsoft.dev\/oldsalasperez\/wp-json\/wp\/v2\/pages\/1316\/revisions"}],"predecessor-version":[{"id":11378,"href":"https:\/\/book.dsoft.dev\/oldsalasperez\/wp-json\/wp\/v2\/pages\/1316\/revisions\/11378"}],"wp:attachment":[{"href":"https:\/\/book.dsoft.dev\/oldsalasperez\/wp-json\/wp\/v2\/media?parent=1316"}],"curies":[{"name":"wp","href":"https:\/\/api.w.org\/{rel}","templated":true}]}}