{"id":1326,"date":"2017-10-16T13:06:09","date_gmt":"2017-10-16T13:06:09","guid":{"rendered":"http:\/\/ninzio.com\/startflow\/?page_id=1326"},"modified":"2019-09-26T03:07:00","modified_gmt":"2019-09-26T03:07:00","slug":"servicios","status":"publish","type":"page","link":"https:\/\/book.dsoft.dev\/oldsalasperez\/servicios\/","title":{"rendered":"Servicios"},"content":{"rendered":"<section class=\"wpb-content-wrapper\"><p>[vc_row][vc_column]\r\n\t<div class=\"startflow-spacer clearfix\" data-desktop=\"100\" data-mobi=\"60\" data-smobi=\"60\"><\/div>[vc_row_inner][vc_column_inner width=&#8221;1\/3&#8243;]<div class=\"startflow-single-heading clearfix \" style=\"margin-bottom:20px;\"><span class=\"inner\"><span class=\"heading clearfix  accent\" style=\"font-size:20px;\">\r\n\t\tNuestros servicios a tu alcance\r\n\t<\/span><\/span><\/div><div class=\"startflow-headings clearfix \"  style=\"\"><h2 class=\"heading clearfix \" style=\"margin-bottom:12px;\">\r\n\t\tNUESTRA EXPERIENCIA\r\n\t<\/h2><div class=\"sep accent clearfix\" style=\"width:70px;height:2px;\"><\/div><div class=\"extra-content clearfix\" style=\"max-width:400px;\">\r\n\t\t<p align=\"justify\">Si usted busca aumentar ingresos, disminuir gastos y trabajar en forma m\u00e1s efectiva, requiere de una alianza con nosotros y nos brinde la oportunidad de ofrecerle resultados comprobables.<\/p>\n\r\n\t<\/div><\/div>\r\n\t<div class=\"startflow-spacer clearfix\" data-desktop=\"42\" data-mobi=\"30\" data-smobi=\"30\"><\/div>\r\n\t<div class=\"startflow-spacer clearfix\" data-desktop=\"0\" data-mobi=\"50\" data-smobi=\"50\"><\/div>[\/vc_column_inner][vc_column_inner width=&#8221;1\/3&#8243;]<div class=\"startflow-icon-box clearfix icon-left align-left  simple\" style=\"\" ><div class=\"wrap-inner\" style=\"position: relative;\"><div class=\"startflow-icon icon-795203557 accent custom\"  data-background=\"#ffffff\" data-border=\"#1292ee\" data-icon-hover=\"#ffffff\" data-background-hover=\"#1d2a2f\" data-border-hover=\"#1d2a2f\">\r\n\t\t\t\t<span class=\"icon\" style=\"font-size:42px;width:100px;height:100px;border-style:solid;border-width:1px;border-radius:50px;line-height:100px; box-shadow: 0px 15px 35px 0px rgba(0,0,0,0.05)\"><i class=\"pe-7s-cash\"><\/i><\/span>\r\n\t\t\t<\/div> <h3 class=\"heading \" style=\"padding-left:120px;font-size:22px;margin-bottom:25px;\">\r\n\t\t\t<span>Contabilidad<\/span>\r\n\t\t<\/h3><div class=\"desc\" style=\"padding-left:120px;\"><p align=\"justify\">Consultor\u00eda fiscal basada en el an\u00e1lisis de las disposiciones fiscales aplicables a las caracter\u00edsticas particulares de cada caso, expresando nuestra opini\u00f3n por escrito.<\/p>\n<\/div> <\/div><\/div>\r\n\t<div class=\"startflow-spacer clearfix\" data-desktop=\"70\" data-mobi=\"35\" data-smobi=\"35\"><\/div><div class=\"startflow-icon-box clearfix icon-left align-left  simple\" style=\"\" ><div class=\"wrap-inner\" style=\"position: relative;\"><div class=\"startflow-icon icon-1842217595 accent custom\"  data-background=\"#ffffff\" data-border=\"#1292ee\" data-icon-hover=\"#ffffff\" data-background-hover=\"#1d2a2f\" data-border-hover=\"#1d2a2f\">\r\n\t\t\t\t<span class=\"icon\" style=\"font-size:40px;width:100px;height:100px;border-style:solid;border-width:1px;border-radius:50px;line-height:100px; box-shadow: 0px 15px 35px 0px rgba(0,0,0,0.05)\"><i class=\"pe-7s-display1\"><\/i><\/span>\r\n\t\t\t<\/div> <h3 class=\"heading \" style=\"padding-left:120px;font-size:22px;margin-bottom:25px;\">\r\n\t\t\t<span>Asesor\u00edas Especializadas<\/span>\r\n\t\t<\/h3><div class=\"desc\" style=\"padding-left:120px;\"><p align=\"justify\">Revisi\u00f3n o elaboraci\u00f3n de declaraciones anuales,\u00a0 pagos provisionales o definitivos de ISR, IVA, IMPAC; Impuesto local sobre n\u00f3minas, etc.<\/p>\n<\/div> <\/div><\/div>\r\n\t<div class=\"startflow-spacer clearfix\" data-desktop=\"0\" data-mobi=\"35\" data-smobi=\"35\"><\/div>[\/vc_column_inner][vc_column_inner width=&#8221;1\/3&#8243;]<div class=\"startflow-icon-box clearfix icon-left align-left  simple\" style=\"\" ><div class=\"wrap-inner\" style=\"position: relative;\"><div class=\"startflow-icon icon-1682328847 accent custom\"  data-background=\"#ffffff\" data-border=\"#1292ee\" data-icon-hover=\"#ffffff\" data-background-hover=\"#1d2a2f\" data-border-hover=\"#1d2a2f\">\r\n\t\t\t\t<span class=\"icon\" style=\"font-size:40px;width:100px;height:100px;border-style:solid;border-width:1px;border-radius:50px;line-height:100px; box-shadow: 0px 15px 35px 0px rgba(0,0,0,0.05)\"><i class=\"pe-7s-culture\"><\/i><\/span>\r\n\t\t\t<\/div> <h3 class=\"heading \" style=\"padding-left:120px;font-size:22px;margin-bottom:25px;\">\r\n\t\t\t<span>Asesor\u00eda Legal<\/span>\r\n\t\t<\/h3><div class=\"desc\" style=\"padding-left:120px;\"><p align=\"justify\">A trav\u00e9s de diversos procedimientos, nuestro calificado equipo de profesionales determina si la empresa ha cumplido adecuadamente con sus obligaciones fiscales.<\/p>\n<\/div> <\/div><\/div>\r\n\t<div class=\"startflow-spacer clearfix\" data-desktop=\"70\" data-mobi=\"35\" data-smobi=\"35\"><\/div><div class=\"startflow-icon-box clearfix icon-left align-left  simple\" style=\"\" ><div class=\"wrap-inner\" style=\"position: relative;\"><div class=\"startflow-icon icon-1352360650 accent custom\"  data-background=\"#ffffff\" data-border=\"#1292ee\" data-icon-hover=\"#ffffff\" data-background-hover=\"#1d2a2f\" data-border-hover=\"#1d2a2f\">\r\n\t\t\t\t<span class=\"icon\" style=\"font-size:46px;width:100px;height:100px;border-style:solid;border-width:1px;border-radius:50px;line-height:100px; box-shadow: 0px 15px 35px 0px rgba(0,0,0,0.05)\"><i class=\"pe-7s-shuffle\"><\/i><\/span>\r\n\t\t\t<\/div> <h3 class=\"heading \" style=\"padding-left:120px;font-size:22px;margin-bottom:25px;\">\r\n\t\t\t<span>Servicios Outsourcing<\/span>\r\n\t\t<\/h3><div class=\"desc\" style=\"padding-left:120px;\"><p align=\"justify\">A trav\u00e9s de la implementaci\u00f3n del outsourcing se busca optimizar la carga administrativa y financiera que la gesti\u00f3n del talento humano implica.<\/p>\n<\/div> <\/div><\/div>[\/vc_column_inner][\/vc_row_inner]\r\n\t<div class=\"startflow-spacer clearfix\" data-desktop=\"92\" data-mobi=\"60\" data-smobi=\"60\"><\/div><div class=\"startflow-divider divider-center divider-solid\" style=\"border-top-color:#e7e7e7;\"><\/div><div class=\"clearfix\"><\/div>\r\n\t<div class=\"startflow-spacer clearfix\" data-desktop=\"70\" data-mobi=\"60\" data-smobi=\"60\"><\/div>[\/vc_column][\/vc_row][vc_row img_halfrow=&#8221;parallax&#8221; halfrow_image=&#8221;11259&#8243; img_columns=&#8221;6columns&#8221; img_position=&#8221;imgleft&#8221; img_offset_top=&#8221;50px&#8221; parallax_y=&#8221;-50px&#8221;][vc_column width=&#8221;1\/2&#8243;][\/vc_column][vc_column width=&#8221;1\/2&#8243;]\r\n\t<div class=\"startflow-spacer clearfix\" data-desktop=\"100\" data-mobi=\"0\" data-smobi=\"0\"><\/div><div class=\"startflow-single-heading clearfix \" style=\"margin-bottom:20px;\"><span class=\"inner\"><span class=\"heading clearfix  accent\" style=\"font-size:20px;\">\r\n\t\tNuestro Equipo\r\n\t<\/span><\/span><\/div><div class=\"startflow-headings clearfix \"  style=\"\"><h2 class=\"heading clearfix \" style=\"margin-bottom:12px;\">\r\n\t\tCOMPROMETIDOS CONTIGO\r\n\t<\/h2><div class=\"sep accent clearfix\" style=\"width:70px;height:2px;\"><\/div><div class=\"extra-content clearfix\" style=\"\">\r\n\t\t<p align=\"justify\">Somos un grupo de profesionistas que ofrecemos servicios de consultor\u00eda en \u00e1reas de contabilidad, estrategia fiscal y seguridad social comprometidos con el negocio de nuestros clientes, y orientados a consolidar una estrecha relaci\u00f3n y atenci\u00f3n personalizada, sobre la base de una rec\u00edproca confianza.<\/p>\n\r\n\t<\/div><\/div>\r\n\t<div class=\"startflow-spacer clearfix\" data-desktop=\"42\" data-mobi=\"30\" data-smobi=\"30\"><\/div>\r\n\t<div class=\"startflow-spacer clearfix\" data-desktop=\"220\" data-mobi=\"60\" data-smobi=\"60\"><\/div>[\/vc_column][\/vc_row][vc_row css=&#8221;.vc_custom_1568842995979{background-image: url(https:\/\/book.dsoft.dev\/oldsalasperez\/wp-content\/uploads\/2019\/09\/inicio3_SP_Mesa-de-trabajo-1.png?id=11146) !important;background-position: center !important;background-repeat: no-repeat !important;background-size: cover !important;}&#8221;][vc_column]\r\n\t<div class=\"startflow-spacer clearfix\" data-desktop=\"90\" data-mobi=\"60\" data-smobi=\"60\"><\/div><div class=\"startflow-headings clearfix text-center\" data-font=42 data-mfont=36 style=\"\"><div class=\"extra-content clearfix\" style=\"\">\r\n\t\t<h3 align=\"center\" style=\"color: white;\">Nos gusta crear alianzas de confianza con nuestros clientes, trabajemos juntos.<\/h3>\n\r\n\t<\/div><\/div>\r\n\t<div class=\"startflow-spacer clearfix\" data-desktop=\"55\" data-mobi=\"35\" data-smobi=\"35\"><\/div><div class=\"startflow-align-box text-center\"><div class=\"button-wrap icon-right wow fadeInUp\" style=\"\"  data-wow-duration=\"0.75s\" data-wow-delay=\"0.3s\"><a href=\"https:\/\/book.dsoft.dev\/oldsalasperez\/contacto\/\" target=\"_blank\" class=\"startflow-button btn-1545855530 medium no_icon accent custom\" style=\"\"  data-text=\"#ffffff\" data-text-hover=\"#ffffff\" data-background-hover=\"#1d2b37\">\r\n\t\t<span style=\"\">Cont\u00e1ctanos <\/span>\r\n\t<\/a><\/div><\/div>\r\n\t<div class=\"startflow-spacer clearfix\" data-desktop=\"100\" data-mobi=\"60\" data-smobi=\"60\"><\/div>[\/vc_column][\/vc_row][vc_row][vc_column]\r\n\t<div class=\"startflow-spacer clearfix\" data-desktop=\"90\" data-mobi=\"60\" data-smobi=\"60\"><\/div>[\/vc_column][\/vc_row][vc_row column_spacing=&#8221;0px&#8221; img_halfrow=&#8221;parallax&#8221; halfrow_image=&#8221;11258&#8243; img_columns=&#8221;6columns&#8221; img_position=&#8221;imgright&#8221; img_offset_top=&#8221;50px&#8221; parallax_y=&#8221;-50px&#8221;][vc_column width=&#8221;1\/2&#8243;]<div class=\"startflow-single-heading clearfix \" style=\"margin-bottom:20px;\"><span class=\"inner\"><span class=\"heading clearfix  accent\" style=\"font-size:20px;\">\r\n\t\tServicios\r\n\t<\/span><\/span><\/div><div class=\"startflow-headings clearfix \"  style=\"\"><h2 class=\"heading clearfix \" style=\"margin-bottom:12px;\">\r\n\t\tCreamos m\u00e1s oportunidades de crecimiento para tu empresa\r\n\t<\/h2><\/div>\r\n\t<div class=\"startflow-spacer clearfix\" data-desktop=\"45\" data-mobi=\"30\" data-smobi=\"30\"><\/div>\r\n\t<div class=\"startflow-progress clearfix \" style=\"\"><h3 class=\"title\" style=\"font-weight:900;font-size:14px;\">CONTABILIDAD<\/h3> <div class=\"perc-wrap\" style=\"font-weight:900;font-size:14px;\"><div class=\"perc \" style=\"\"><span>100%<\/span><\/div><\/div>\r\n\t\t<div class=\"progress-wrap\" style=\"background-color:#f5f7fd;overflow:hidden;border-radius:2px;margin-top:10px;\">\r\n\t\t\t<div class=\"progress-animate  gradient\" data-valuemax=\"100\" data-valuemin=\"0\" data-valuenow=\"100\" style=\"background: rgba(1,139,190,1);background: -moz-linear-gradient(left, rgba(1,139,190,1) 0%, rgba(1,139,190,0.3) 100%);background: -webkit-linear-gradient( left, rgba(1,139,190,1) 0%, rgba(1,139,190,0.3) 100% );background: linear-gradient(to right, rgba(1,139,190,1) 0%, rgba(1,139,190,0.3) 100%);height:4px;overflow:hidden;border-radius:2px;\">\r\n\t\t\t<\/div>\r\n\t\t<\/div>\r\n\t<\/div>\r\n\t<div class=\"startflow-spacer clearfix\" data-desktop=\"48\" data-mobi=\"35\" data-smobi=\"35\"><\/div>\r\n\t<div class=\"startflow-progress clearfix \" style=\"\"><h3 class=\"title\" style=\"font-weight:900;font-size:14px;\">ASESOR\u00cdA LEGAL<\/h3> <div class=\"perc-wrap\" style=\"font-weight:900;font-size:14px;\"><div class=\"perc \" style=\"\"><span>100%<\/span><\/div><\/div>\r\n\t\t<div class=\"progress-wrap\" style=\"background-color:#f5f7fd;overflow:hidden;border-radius:2px;margin-top:10px;\">\r\n\t\t\t<div class=\"progress-animate  accent gradient\" data-valuemax=\"100\" data-valuemin=\"0\" data-valuenow=\"100\" style=\"background: rgba(18,146,238,1);background: -moz-linear-gradient(left, rgba(18,146,238,1) 0%, rgba(18,146,238,0.3) 100%);background: -webkit-linear-gradient( left, rgba(18,146,238,1) 0%, rgba(18,146,238,0.3) 100% );background: linear-gradient(to right, rgba(18,146,238,1) 0%, rgba(18,146,238,0.3) 100%);height:4px;overflow:hidden;border-radius:2px;\">\r\n\t\t\t<\/div>\r\n\t\t<\/div>\r\n\t<\/div>\r\n\t<div class=\"startflow-spacer clearfix\" data-desktop=\"48\" data-mobi=\"35\" data-smobi=\"35\"><\/div>\r\n\t<div class=\"startflow-progress clearfix \" style=\"\"><h3 class=\"title\" style=\"font-weight:900;font-size:14px;\">ASESOR\u00cdA CONTABLE Y FISCAL<\/h3> <div class=\"perc-wrap\" style=\"font-weight:900;font-size:14px;\"><div class=\"perc \" style=\"\"><span>100%<\/span><\/div><\/div>\r\n\t\t<div class=\"progress-wrap\" style=\"background-color:#f5f7fd;overflow:hidden;border-radius:2px;margin-top:10px;\">\r\n\t\t\t<div class=\"progress-animate  gradient\" data-valuemax=\"100\" data-valuemin=\"0\" data-valuenow=\"100\" style=\"background: rgba(124,84,217,1);background: -moz-linear-gradient(left, rgba(124,84,217,1) 0%, rgba(124,84,217,0.3) 100%);background: -webkit-linear-gradient( left, rgba(124,84,217,1) 0%, rgba(124,84,217,0.3) 100% );background: linear-gradient(to right, rgba(124,84,217,1) 0%, rgba(124,84,217,0.3) 100%);height:4px;overflow:hidden;border-radius:2px;\">\r\n\t\t\t<\/div>\r\n\t\t<\/div>\r\n\t<\/div>\r\n\t<div class=\"startflow-spacer clearfix\" data-desktop=\"48\" data-mobi=\"35\" data-smobi=\"35\"><\/div>\r\n\t<div class=\"startflow-progress clearfix \" style=\"\"><h3 class=\"title\" style=\"font-weight:900;font-size:14px;\">ASESOR\u00cdAS ESPECIALIZADAS<\/h3> <div class=\"perc-wrap\" style=\"font-weight:900;font-size:14px;\"><div class=\"perc \" style=\"\"><span>100%<\/span><\/div><\/div>\r\n\t\t<div class=\"progress-wrap\" style=\"background-color:#f5f7fd;overflow:hidden;border-radius:2px;margin-top:10px;\">\r\n\t\t\t<div class=\"progress-animate  gradient\" data-valuemax=\"100\" data-valuemin=\"0\" data-valuenow=\"100\" style=\"background: rgba(124,84,217,1);background: -moz-linear-gradient(left, rgba(124,84,217,1) 0%, rgba(124,84,217,0.3) 100%);background: -webkit-linear-gradient( left, rgba(124,84,217,1) 0%, rgba(124,84,217,0.3) 100% );background: linear-gradient(to right, rgba(124,84,217,1) 0%, rgba(124,84,217,0.3) 100%);height:4px;overflow:hidden;border-radius:2px;\">\r\n\t\t\t<\/div>\r\n\t\t<\/div>\r\n\t<\/div>\r\n\t<div class=\"startflow-spacer clearfix\" data-desktop=\"48\" data-mobi=\"35\" data-smobi=\"35\"><\/div>\r\n\t<div class=\"startflow-progress clearfix \" style=\"\"><h3 class=\"title\" style=\"font-weight:900;font-size:14px;\">SERVICIOS OUTSOURCING<\/h3> <div class=\"perc-wrap\" style=\"font-weight:900;font-size:14px;\"><div class=\"perc \" style=\"\"><span>100%<\/span><\/div><\/div>\r\n\t\t<div class=\"progress-wrap\" style=\"background-color:#f5f7fd;overflow:hidden;border-radius:2px;margin-top:10px;\">\r\n\t\t\t<div class=\"progress-animate  gradient\" data-valuemax=\"100\" data-valuemin=\"0\" data-valuenow=\"100\" style=\"background: rgba(235,131,87,1);background: -moz-linear-gradient(left, rgba(235,131,87,1) 0%, rgba(235,131,87,0.3) 100%);background: -webkit-linear-gradient( left, rgba(235,131,87,1) 0%, rgba(235,131,87,0.3) 100% );background: linear-gradient(to right, rgba(235,131,87,1) 0%, rgba(235,131,87,0.3) 100%);height:4px;overflow:hidden;border-radius:2px;\">\r\n\t\t\t<\/div>\r\n\t\t<\/div>\r\n\t<\/div>\r\n\t<div class=\"startflow-spacer clearfix\" data-desktop=\"150\" data-mobi=\"60\" data-smobi=\"60\"><\/div>[\/vc_column][vc_column width=&#8221;1\/2&#8243;][\/vc_column][\/vc_row][vc_row css=&#8221;.vc_custom_1560239256635{background-color: #f8faff !important;}&#8221;][vc_column]\r\n\t<div class=\"startflow-spacer clearfix\" data-desktop=\"90\" data-mobi=\"60\" data-smobi=\"60\"><\/div><div class=\"startflow-headings clearfix text-center\"  style=\"\"><h2 class=\"heading clearfix \" style=\"max-width:750px;margin-left: auto; margin-right: auto;line-height:44px;margin-bottom:12px;\">\r\n\t\tEntrelazamos nuestros servicios a las necesidades de tu empresa y\/o negocio\r\n\t<\/h2><\/div>\r\n\t<div class=\"startflow-spacer clearfix\" data-desktop=\"75\" data-mobi=\"40\" data-smobi=\"40\"><\/div>[vc_row_inner][vc_column_inner width=&#8221;1\/3&#8243;]<div class=\"startflow-content-box clearfix  wow fadeInUp\" data-padding=\"50px 30px 40px\" data-mobipadding=\"50px 30px 40px\" data-margin=\"\" data-mobimargin=\"\"  data-wow-duration=\"0.75s\" data-wow-delay=\"0.3s\">\r\n\t\t<div class=\"inner ctb-1640440471\" style=\"\"  data-background=\"#ffffff\" data-rounded=\"5px\" data-shadow=\" 0px 20px 70px 0px rgba(0,0,0,0.05)\">\r\n\t\t\t<div class=\"startflow-icon-box clearfix icon-top align-center  simple\" style=\"\" ><div class=\"wrap-inner\" style=\"position: relative;\"><div class=\"image-wrap\" style=\"\">\r\n\t\t\t\t<img decoding=\"async\" alt=\"image\" src=\"https:\/\/book.dsoft.dev\/oldsalasperez\/wp-content\/uploads\/2019\/09\/Contabilidad_Icono-02.jpg\">\r\n\t\t\t<\/div> <h3 class=\"heading \" style=\"font-size:18px;margin-bottom:25px;\">\r\n\t\t\t<span>CONTABILIDAD<\/span>\r\n\t\t<\/h3><div class=\"desc\" style=\"font-size:16px;line-height:29px;margin-bottom:34px;\"><p>Consultor\u00eda Fiscal<br \/>\nContabilidad<br \/>\nDise\u00f1o e implementaci\u00f3n de controles interiores<\/p>\n<\/div><div class=\"url-wrap\" style=\"\">\r\n\t\t\t<a target=\"_blank\" class=\"startflow-links link-style-2 accent\" href=\"https:\/\/book.dsoft.dev\/oldsalasperez\/servicios\/contabilidad\/\" style=\"\">\r\n\t\t\t\t<span class=\"text\">M\u00e1s info<\/span>\r\n\t\t\t<\/a>\r\n\t\t<\/div> <\/div><\/div>\r\n\t\t<\/div>\r\n\t<\/div>\r\n\t<div class=\"startflow-spacer clearfix\" data-desktop=\"0\" data-mobi=\"30\" data-smobi=\"30\"><\/div>[\/vc_column_inner][vc_column_inner width=&#8221;1\/3&#8243;]<div class=\"startflow-content-box clearfix  wow fadeInUp\" data-padding=\"50px 30px 40px\" data-mobipadding=\"50px 30px 40px\" data-margin=\"\" data-mobimargin=\"\"  data-wow-duration=\"0.75s\" data-wow-delay=\"0.6s\">\r\n\t\t<div class=\"inner ctb-944600464\" style=\"\"  data-background=\"#ffffff\" data-rounded=\"5px\" data-shadow=\" 0px 20px 70px 0px rgba(0,0,0,0.05)\">\r\n\t\t\t<div class=\"startflow-icon-box clearfix icon-top align-center  simple\" style=\"\" ><div class=\"wrap-inner\" style=\"position: relative;\"><div class=\"image-wrap\" style=\"\">\r\n\t\t\t\t<img decoding=\"async\" alt=\"image\" src=\"https:\/\/book.dsoft.dev\/oldsalasperez\/wp-content\/uploads\/2019\/09\/AsesLeg_Icono.jpg\">\r\n\t\t\t<\/div> <h3 class=\"heading \" style=\"font-size:18px;margin-bottom:25px;\">\r\n\t\t\t<span>ASESOR\u00cdA LEGAL<\/span>\r\n\t\t<\/h3><div class=\"desc\" style=\"font-size:16px;line-height:29px;margin-bottom:34px;\"><p>Defensa Fiscal<br \/>\nDevoluciones de impuestos<br \/>\nRevisi\u00f3n de la situaci\u00f3n fiscal general<\/p>\n<\/div><div class=\"url-wrap\" style=\"\">\r\n\t\t\t<a target=\"_blank\" class=\"startflow-links link-style-2 accent\" href=\"https:\/\/book.dsoft.dev\/oldsalasperez\/servicios\/asesoria-legal\/\" style=\"\">\r\n\t\t\t\t<span class=\"text\">M\u00e1s info<\/span>\r\n\t\t\t<\/a>\r\n\t\t<\/div> <\/div><\/div>\r\n\t\t<\/div>\r\n\t<\/div>\r\n\t<div class=\"startflow-spacer clearfix\" data-desktop=\"0\" data-mobi=\"30\" data-smobi=\"30\"><\/div>[\/vc_column_inner][vc_column_inner width=&#8221;1\/3&#8243;]<div class=\"startflow-content-box clearfix  wow fadeInUp\" data-padding=\"50px 30px 40px\" data-mobipadding=\"50px 30px 40px\" data-margin=\"\" data-mobimargin=\"\"  data-wow-duration=\"0.75s\" data-wow-delay=\"0.9s\">\r\n\t\t<div class=\"inner ctb-1007906052\" style=\"\"  data-background=\"#ffffff\" data-rounded=\"5px\" data-shadow=\" 0px 20px 70px 0px rgba(0,0,0,0.05)\">\r\n\t\t\t<div class=\"startflow-icon-box clearfix icon-top align-center  simple\" style=\"\" ><div class=\"wrap-inner\" style=\"position: relative;\"><div class=\"image-wrap\" style=\"\">\r\n\t\t\t\t<img decoding=\"async\" alt=\"image\" src=\"https:\/\/book.dsoft.dev\/oldsalasperez\/wp-content\/uploads\/2019\/09\/AsesCont_Fisc_Icono.jpg\">\r\n\t\t\t<\/div> <h3 class=\"heading \" style=\"font-size:18px;margin-bottom:25px;\">\r\n\t\t\t<span>ASESOR\u00cdA FISCAL Y CONTABLE<\/span>\r\n\t\t<\/h3><div class=\"desc\" style=\"font-size:16px;line-height:29px;margin-bottom:34px;\"><p>Dise\u00f1o y reestructuraci\u00f3n fiscal<br \/>\nTr\u00e1mites<\/p>\n<\/div><div class=\"url-wrap\" style=\"\">\r\n\t\t\t<a target=\"_blank\" class=\"startflow-links link-style-2 accent\" href=\"https:\/\/book.dsoft.dev\/oldsalasperez\/servicios\/asesoria-contable-y-fiscal\/\" style=\"\">\r\n\t\t\t\t<span class=\"text\">M\u00e1s info<\/span>\r\n\t\t\t<\/a>\r\n\t\t<\/div> <\/div><\/div>\r\n\t\t<\/div>\r\n\t<\/div>[\/vc_column_inner][\/vc_row_inner]\r\n\t<div class=\"startflow-spacer clearfix\" data-desktop=\"75\" data-mobi=\"40\" data-smobi=\"40\"><\/div>[vc_row_inner][vc_column_inner width=&#8221;1\/3&#8243;]<div class=\"startflow-content-box clearfix  wow fadeInUp\" data-padding=\"50px 30px 40px\" data-mobipadding=\"50px 30px 40px\" data-margin=\"\" data-mobimargin=\"\"  data-wow-duration=\"0.75s\" data-wow-delay=\"0.3s\">\r\n\t\t<div class=\"inner ctb-666512813\" style=\"\"  data-background=\"#ffffff\" data-rounded=\"5px\" data-shadow=\" 0px 20px 70px 0px rgba(0,0,0,0.05)\">\r\n\t\t\t<div class=\"startflow-icon-box clearfix icon-top align-center  simple\" style=\"\" ><div class=\"wrap-inner\" style=\"position: relative;\"><div class=\"image-wrap\" style=\"\">\r\n\t\t\t\t<img decoding=\"async\" alt=\"image\" src=\"https:\/\/book.dsoft.dev\/oldsalasperez\/wp-content\/uploads\/2019\/09\/AsesEsp_Icono.jpg\">\r\n\t\t\t<\/div> <h3 class=\"heading \" style=\"font-size:18px;margin-bottom:25px;\">\r\n\t\t\t<span>ASESOR\u00cdAS ESPECIALIZADAS<\/span>\r\n\t\t<\/h3><div class=\"desc\" style=\"font-size:16px;line-height:29px;margin-bottom:34px;\"><p>Declaraciones<br \/>\nTrabajos especiales<br \/>\nTributaci\u00f3n internacional<\/p>\n<\/div><div class=\"url-wrap\" style=\"\">\r\n\t\t\t<a target=\"_blank\" class=\"startflow-links link-style-2 accent\" href=\"https:\/\/book.dsoft.dev\/oldsalasperez\/servicios\/asesorias-especializadas\/\" style=\"\">\r\n\t\t\t\t<span class=\"text\">M\u00e1s info<\/span>\r\n\t\t\t<\/a>\r\n\t\t<\/div> <\/div><\/div>\r\n\t\t<\/div>\r\n\t<\/div>\r\n\t<div class=\"startflow-spacer clearfix\" data-desktop=\"0\" data-mobi=\"30\" data-smobi=\"30\"><\/div>[\/vc_column_inner][vc_column_inner width=&#8221;1\/3&#8243;]<div class=\"startflow-content-box clearfix  wow fadeInUp\" data-padding=\"50px 30px 40px\" data-mobipadding=\"50px 30px 40px\" data-margin=\"\" data-mobimargin=\"\"  data-wow-duration=\"0.75s\" data-wow-delay=\"0.6s\">\r\n\t\t<div class=\"inner ctb-852277331\" style=\"\"  data-background=\"#ffffff\" data-rounded=\"5px\" data-shadow=\" 0px 20px 70px 0px rgba(0,0,0,0.05)\">\r\n\t\t\t<div class=\"startflow-icon-box clearfix icon-top align-center  simple\" style=\"\" ><div class=\"wrap-inner\" style=\"position: relative;\"><div class=\"image-wrap\" style=\"\">\r\n\t\t\t\t<img decoding=\"async\" alt=\"image\" src=\"https:\/\/book.dsoft.dev\/oldsalasperez\/wp-content\/uploads\/2019\/09\/SerOut_Icono.jpg\">\r\n\t\t\t<\/div> <h3 class=\"heading \" style=\"font-size:18px;margin-bottom:25px;\">\r\n\t\t\t<span>SERVICIOS OUTSOURCING<\/span>\r\n\t\t<\/h3><div class=\"desc\" style=\"font-size:16px;line-height:29px;margin-bottom:34px;\"><p>Reg\u00edmenes especiales<br \/>\nEstudio de precios de transferencia outsourcing<\/p>\n<\/div><div class=\"url-wrap\" style=\"\">\r\n\t\t\t<a target=\"_blank\" class=\"startflow-links link-style-2 accent\" href=\"https:\/\/book.dsoft.dev\/oldsalasperez\/servicios\/servicios-outsourcing\/\" style=\"\">\r\n\t\t\t\t<span class=\"text\">M\u00e1s info<\/span>\r\n\t\t\t<\/a>\r\n\t\t<\/div> <\/div><\/div>\r\n\t\t<\/div>\r\n\t<\/div>\r\n\t<div class=\"startflow-spacer clearfix\" data-desktop=\"0\" data-mobi=\"30\" data-smobi=\"30\"><\/div>[\/vc_column_inner][\/vc_row_inner]\r\n\t<div class=\"startflow-spacer clearfix\" data-desktop=\"100\" data-mobi=\"60\" data-smobi=\"60\"><\/div>[\/vc_column][\/vc_row][vc_row][vc_column][vc_column_text][\/vc_column_text][\/vc_column][\/vc_row]<\/p>\n<\/section>","protected":false},"excerpt":{"rendered":"<p>[vc_row][vc_column][vc_row_inner][vc_column_inner width=&#8221;1\/3&#8243;][\/vc_column_inner][vc_column_inner width=&#8221;1\/3&#8243;][\/vc_column_inner][vc_column_inner width=&#8221;1\/3&#8243;][\/vc_column_inner][\/vc_row_inner][\/vc_column][\/vc_row][vc_row img_halfrow=&#8221;parallax&#8221; halfrow_image=&#8221;11259&#8243; img_columns=&#8221;6columns&#8221; img_position=&#8221;imgleft&#8221; img_offset_top=&#8221;50px&#8221; parallax_y=&#8221;-50px&#8221;][vc_column width=&#8221;1\/2&#8243;][\/vc_column][vc_column width=&#8221;1\/2&#8243;][\/vc_column][\/vc_row][vc_row css=&#8221;.vc_custom_1568842995979{background-image: url(https:\/\/book.dsoft.dev\/oldsalasperez\/wp-content\/uploads\/2019\/09\/inicio3_SP_Mesa-de-trabajo-1.png?id=11146) !important;background-position: center !important;background-repeat: no-repeat !important;background-size: cover !important;}&#8221;][vc_column][\/vc_column][\/vc_row][vc_row][vc_column][\/vc_column][\/vc_row][vc_row column_spacing=&#8221;0px&#8221; img_halfrow=&#8221;parallax&#8221; halfrow_image=&#8221;11258&#8243; img_columns=&#8221;6columns&#8221; img_position=&#8221;imgright&#8221; img_offset_top=&#8221;50px&#8221; parallax_y=&#8221;-50px&#8221;][vc_column width=&#8221;1\/2&#8243;][\/vc_column][vc_column width=&#8221;1\/2&#8243;][\/vc_column][\/vc_row][vc_row css=&#8221;.vc_custom_1560239256635{background-color: #f8faff !important;}&#8221;][vc_column][vc_row_inner][vc_column_inner width=&#8221;1\/3&#8243;][\/vc_column_inner][vc_column_inner width=&#8221;1\/3&#8243;][\/vc_column_inner][vc_column_inner width=&#8221;1\/3&#8243;][\/vc_column_inner][\/vc_row_inner][vc_row_inner][vc_column_inner width=&#8221;1\/3&#8243;][\/vc_column_inner][vc_column_inner width=&#8221;1\/3&#8243;][\/vc_column_inner][\/vc_row_inner][\/vc_column][\/vc_row][vc_row][vc_column][vc_column_text][\/vc_column_text][\/vc_column][\/vc_row]<\/p>\n","protected":false},"author":2,"featured_media":0,"parent":0,"menu_order":0,"comment_status":"closed","ping_status":"closed","template":"","meta":{"footnotes":""},"class_list":["post-1326","page","type-page","status-publish","hentry"],"_links":{"self":[{"href":"https:\/\/book.dsoft.dev\/oldsalasperez\/wp-json\/wp\/v2\/pages\/1326","targetHints":{"allow":["GET"]}}],"collection":[{"href":"https:\/\/book.dsoft.dev\/oldsalasperez\/wp-json\/wp\/v2\/pages"}],"about":[{"href":"https:\/\/book.dsoft.dev\/oldsalasperez\/wp-json\/wp\/v2\/types\/page"}],"author":[{"embeddable":true,"href":"https:\/\/book.dsoft.dev\/oldsalasperez\/wp-json\/wp\/v2\/users\/2"}],"replies":[{"embeddable":true,"href":"https:\/\/book.dsoft.dev\/oldsalasperez\/wp-json\/wp\/v2\/comments?post=1326"}],"version-history":[{"count":28,"href":"https:\/\/book.dsoft.dev\/oldsalasperez\/wp-json\/wp\/v2\/pages\/1326\/revisions"}],"predecessor-version":[{"id":11325,"href":"https:\/\/book.dsoft.dev\/oldsalasperez\/wp-json\/wp\/v2\/pages\/1326\/revisions\/11325"}],"wp:attachment":[{"href":"https:\/\/book.dsoft.dev\/oldsalasperez\/wp-json\/wp\/v2\/media?parent=1326"}],"curies":[{"name":"wp","href":"https:\/\/api.w.org\/{rel}","templated":true}]}}