{"id":3,"date":"2019-08-22T00:42:01","date_gmt":"2019-08-22T00:42:01","guid":{"rendered":"https:\/\/book.dsoft.dev\/oldsalasperez\/?page_id=3"},"modified":"2019-09-18T23:16:58","modified_gmt":"2019-09-18T23:16:58","slug":"aviso-de-privacidad","status":"publish","type":"page","link":"https:\/\/book.dsoft.dev\/oldsalasperez\/aviso-de-privacidad\/","title":{"rendered":"Aviso de privacidad"},"content":{"rendered":"<section class=\"wpb-content-wrapper\"><p>[vc_row][vc_column][vc_column_text]<\/p>\n<h1 align=\"center\">AVISO DE PRIVACIDAD Y PROTECCI\u00d3N DE DATOS PERSONALES<\/h1>\n<p align=\"justify\">De acuerdo a lo Previsto en la \u201cLey Federal de Protecci\u00f3n de Datos Personales\u201d, <strong>SALAS P\u00c9REZ, CONTADORES<\/strong>, con domicilio fiscal en <strong>Cerrada de Guayaquil #60 BIS Int. 201, Colonia. Lindavista Sur Alcald\u00eda. Gustavo A. Madero, 07300 Ciudad de M\u00e9xico, CDMX <\/strong> es responsable del tratamiento de sus datos personales y hace de su conocimiento que la informaci\u00f3n de nuestros clientes y proveedores es tratada de forma estrictamente confidencial y al respecto le informamos lo siguiente:<\/p>\n<h3>\u00bfQu\u00e9 datos recopilamos de forma directa?<\/h3>\n<ol>\n<li value=\"1\">Datos de identificaci\u00f3n (Nombre completo, firma electr\u00f3nica, Registro Federal de Contribuyentes)<\/li>\n<li>Datos de contacto (Tel\u00e9fonos, Correo Electr\u00f3nico, Domicilio particular o fiscal, etc.)<\/li>\n<\/ol>\n<h3>\u00bfC\u00f3mo recopilamos la informaci\u00f3n?<\/h3>\n<p>La recolecci\u00f3n de datos personales podr\u00e1 efectuarse por ejemplo:<\/p>\n<p align=\"justify\">Mediante el uso de correos electr\u00f3nicos y visita a nuestras oficinas o con nuestros t\u00e9cnicos y asesores<br \/>\no cuando se comunica v\u00eda telef\u00f3nica con nosotros (incluyendo las llamadas telef\u00f3nicas con nuestros asesores)<br \/>\no mediante redes sociales tales como Twitter, Facebook, Google +, LinkedIn, etc.<br \/>\nEstos datos s\u00f3lo se recopilan en caso de promociones o solicitudes de informaci\u00f3n de parte del cliente o proveedor y siempre ser\u00e1n solicitados de manera directa. Ning\u00fan dato ser\u00e1 recopilado v\u00eda redes sociales sin el consentimiento del propietario<br \/>\no mediante la utilizaci\u00f3n de los sitios Web del Responsable, en formularios de contacto, etc.<br \/>\no mediante el suministro <strong>voluntario<\/strong> de informaci\u00f3n a trav\u00e9s de las ventanas de di\u00e1logo habilitadas en los sitios web y redes sociales o mediante la recopilaci\u00f3n directa.<\/p>\n<h3>\u00bfQu\u00e9 datos recopilamos de forma indirecta?<\/h3>\n<p align=\"justify\">Nuestro sitio web utiliza cookies que nos ayudan a mejorar el funcionamiento y desempe\u00f1o del mismo en tu navegador, estos datos no ser\u00e1n utilizados para ning\u00fan otro fin que el del mantenimiento y funcionamiento de nuestro sitio web.<br \/>\nLas cookies son archivos de texto que son descargados autom\u00e1ticamente y almacenados en el disco duro del equipo de c\u00f3mputo del usuario al navegar en una p\u00e1gina de Internet espec\u00edfica, que permiten recordar al servidor de Internet algunos datos sobre este usuario, entre ellos, sus preferencias para la visualizaci\u00f3n de las p\u00e1ginas en ese servidor.<\/p>\n<p>Se recabar\u00e1n los siguientes datos de forma autom\u00e1tica:<\/p>\n<ul>\n<li>Su tipo de navegador y sistema operativo.<\/li>\n<li>El tipo de dispositivo que utiliz\u00f3<\/li>\n<li>Las p\u00e1ginas de Internet y v\u00ednculos que te llevaron a nuestro sitio.<\/li>\n<li>Los v\u00ednculos que sigue dentro de nuestro sitio web.<\/li>\n<li>La direcci\u00f3n IP.<\/li>\n<\/ul>\n<p align=\"justify\">Estas cookies y otras tecnolog\u00edas pueden ser deshabilitadas (consulta la ayuda de tu dispositivo o explorador).<br \/>\nToda la informaci\u00f3n que recolectamos sobre usted puede combinarse para ayudarnos a adaptar nuestras comunicaciones a usted y atenderle de acuerdo a sus necesidades y preferencias, de no obtener estos datos nos ser\u00e1 imposible realizar los servicios para los cu\u00e1les tenemos una relaci\u00f3n comercial.<\/p>\n<h3>Para qu\u00e9 ser\u00e1n utilizados tus datos<\/h3>\n<p>Estos ser\u00e1n utilizados \u00fanica y exclusivamente para los siguientes fines:<\/p>\n<ol>\n<li value=\"1\">Informaci\u00f3n y Prestaci\u00f3n de Servicios<\/li>\n<li>Actualizaci\u00f3n de la Base de Datos de clientes y proveedores<\/li>\n<li>Facturaci\u00f3n, Ventas y dem\u00e1s funciones del \u00e1rea financiera de la empresa<\/li>\n<li>Funciones de asesor\u00eda t\u00e9cnica que requieran que el cliente proporcione sus contrase\u00f1as y nombres de usuario para poder proporcionar el servicio solicitado<\/li>\n<li>Dar cumplimiento a obligaciones contra\u00eddas con nuestros clientes<\/li>\n<li>Informar sobre cambios de nuestros productos o servicios<\/li>\n<li>Evaluar la calidad del servicio<\/li>\n<li>Cualquier finalidad an\u00e1loga o compatible con las anteriores<\/li>\n<\/ol>\n<p align=\"justify\">As\u00ed mismo, le informamos nosotros no vendemos ni compartimos con terceros ninguno de los datos que usted proporcione. Nos comprometemos a no transferir su informaci\u00f3n personal a terceros sin su consentimiento, salvo las excepciones previstas en el art\u00edculo 37 de la Ley Federal de Protecci\u00f3n de Datos Personales en Posesi\u00f3n de los Particulares, as\u00ed como a realizar esta transferencia en los t\u00e9rminos que fija esa ley.<\/p>\n<p align=\"justify\">Todos sus datos personales son tratados de acuerdo a la legislaci\u00f3n aplicable y vigente en el pa\u00eds, por ello le informamos que usted tiene en todo momento los derechos de acceder, rectificar, cancelar u oponerse (ARCO) al tratamiento que le damos a sus datos personales; derecho que podr\u00e1 hacer valer a trav\u00e9s del \u00e1rea de Privacidad encargada de la seguridad de datos personales en el Tel\u00e9fono 55 5414 9768 o por medio de su correo electr\u00f3nico: <a href=\"mailto:gsalas@salasperezcontadores.com\">gsalas@salasperezcontadores.com<\/a><\/p>\n<p align=\";justify\">Su petici\u00f3n deber\u00e1 ir acompa\u00f1ada de la siguiente informaci\u00f3n: Nombre completo del Titular de los datos, motivo por el cual desea revocar su consentimiento, correo electr\u00f3nico que nos proporcion\u00f3 con anterioridad o, a falta de \u00e9ste, un n\u00famero telef\u00f3nico de contacto.<\/p>\n<p align=\"justify\">En un plazo m\u00e1ximo de 72 horas atenderemos su petici\u00f3n y le informaremos sobre la procedencia de la misma a trav\u00e9s de correo electr\u00f3nico.<\/p>\n<p align=\"justify\">Para su protecci\u00f3n, es necesario que las solicitudes provengan del correo electr\u00f3nico que tenemos en archivo o, en su defecto, del tel\u00e9fono que tenemos registrado, ya que esta es la \u00fanica manera que tenemos de verificar que en realidad se trate del Titular de los Datos. No aceptaremos solicitudes provenientes de otras direcciones de correo electr\u00f3nico o n\u00fameros telef\u00f3nicos.<\/p>\n<p align=\"justify\">Este aviso de privacidad podr\u00e1 ser modificado o actualizado, para la atenci\u00f3n de novedades legislativas, pol\u00edticas internas o nuevos requerimientos para la prestaci\u00f3n u ofrecimiento de nuestros servicios o productos.<\/p>\n<p align=\"justify\">Es responsabilidad del Titular revisar peri\u00f3dicamente el contenido del Aviso en el sitio <a href=\"https:\/\/book.dsoft.dev\/oldsalasperez\/aviso-de-privacidad\/\" target=\"_blank\" rel=\"noopener noreferrer\">www.salasperezcontadores.com\/aviso-de-privacidad<\/a> en donde se publicar\u00e1n los cambios realizados conjuntamente con la fecha de la \u00faltima actualizaci\u00f3n.<\/p>\n<p><strong>Fecha de \u00faltima Actualizaci\u00f3n septiembre de 2019<\/strong><\/p>\n<h4>ATENTAMENTE<\/h4>\n<p><strong>SALAS PER\u00c9Z, CONTADORES<\/strong>[\/vc_column_text][\/vc_column][\/vc_row]<\/p>\n<\/section>","protected":false},"excerpt":{"rendered":"<p>[vc_row][vc_column][vc_column_text] AVISO DE PRIVACIDAD Y PROTECCI\u00d3N DE DATOS PERSONALES De acuerdo a lo Previsto en la \u201cLey Federal de Protecci\u00f3n de Datos Personales\u201d, SALAS P\u00c9REZ, CONTADORES, con domicilio fiscal en Cerrada de Guayaquil #60 BIS Int. 201, Colonia. Lindavista Sur Alcald\u00eda. Gustavo A. Madero, 07300 Ciudad de M\u00e9xico, CDMX es<\/p>\n","protected":false},"author":2,"featured_media":0,"parent":0,"menu_order":0,"comment_status":"closed","ping_status":"closed","template":"","meta":{"footnotes":""},"class_list":["post-3","page","type-page","status-publish","hentry"],"_links":{"self":[{"href":"https:\/\/book.dsoft.dev\/oldsalasperez\/wp-json\/wp\/v2\/pages\/3","targetHints":{"allow":["GET"]}}],"collection":[{"href":"https:\/\/book.dsoft.dev\/oldsalasperez\/wp-json\/wp\/v2\/pages"}],"about":[{"href":"https:\/\/book.dsoft.dev\/oldsalasperez\/wp-json\/wp\/v2\/types\/page"}],"author":[{"embeddable":true,"href":"https:\/\/book.dsoft.dev\/oldsalasperez\/wp-json\/wp\/v2\/users\/2"}],"replies":[{"embeddable":true,"href":"https:\/\/book.dsoft.dev\/oldsalasperez\/wp-json\/wp\/v2\/comments?post=3"}],"version-history":[{"count":11,"href":"https:\/\/book.dsoft.dev\/oldsalasperez\/wp-json\/wp\/v2\/pages\/3\/revisions"}],"predecessor-version":[{"id":11159,"href":"https:\/\/book.dsoft.dev\/oldsalasperez\/wp-json\/wp\/v2\/pages\/3\/revisions\/11159"}],"wp:attachment":[{"href":"https:\/\/book.dsoft.dev\/oldsalasperez\/wp-json\/wp\/v2\/media?parent=3"}],"curies":[{"name":"wp","href":"https:\/\/api.w.org\/{rel}","templated":true}]}}