{"id":25,"date":"2020-12-08T03:54:06","date_gmt":"2020-12-08T03:54:06","guid":{"rendered":"https:\/\/gaviaspreview.com\/wp\/conult\/?page_id=25"},"modified":"2023-06-02T17:22:32","modified_gmt":"2023-06-02T17:22:32","slug":"blog","status":"publish","type":"page","link":"https:\/\/book.dsoft.dev\/talento\/index.php\/blog\/","title":{"rendered":"Blog"},"content":{"rendered":"\t\t<div data-elementor-type=\"wp-page\" data-elementor-id=\"25\" class=\"elementor elementor-25\">\n\t\t\t\t\t\t\t\t\t<section class=\"elementor-section elementor-top-section elementor-element elementor-element-59f29e4 elementor-section-full_width elementor-section-height-default elementor-section-height-default\" data-id=\"59f29e4\" data-element_type=\"section\">\n\t\t\t\t\t\t<div class=\"elementor-container elementor-column-gap-default\">\n\t\t\t\t\t<div class=\"elementor-column elementor-col-100 elementor-top-column elementor-element elementor-element-6754167\" data-id=\"6754167\" data-element_type=\"column\">\n\t\t\t<div class=\"elementor-widget-wrap elementor-element-populated\">\n\t\t\t\t\t\t\t\t<div class=\"elementor-element elementor-element-458306b elementor-widget elementor-widget-gva_post_breadcrumb\" data-id=\"458306b\" data-element_type=\"widget\" data-widget_type=\"gva_post_breadcrumb.default\">\n\t\t\t\t<div class=\"elementor-widget-container\">\n\t\t\t<div class=\"gva-element-gva_post_breadcrumb gva-element\">   \r\n<div class=\"post-breadcrumb\">\r\n   <div class=\"custom-breadcrumb \" >\r\n            <div class=\"breadcrumb-main\">\r\n        <div class=\"container\">\r\n          <div class=\"breadcrumb-container-inner\">\r\n            <h2 class=\"heading-title\">Blog<\/h2><ol class=\"breadcrumb\"><li><a href=\"https:\/\/book.dsoft.dev\/talento\">Home<\/a> <\/li> <li class=\"active\">P\u00e1gina<\/li><\/ol>          <\/div>  \r\n        <\/div>   \r\n      <\/div>  \r\n   <\/div>\r\n<\/div>      \r\n\r\n<\/div>\t\t<\/div>\n\t\t\t\t<\/div>\n\t\t\t\t\t<\/div>\n\t\t<\/div>\n\t\t\t\t\t\t\t<\/div>\n\t\t<\/section>\n\t\t\t\t<section class=\"elementor-section elementor-top-section elementor-element elementor-element-1fbe8dbc elementor-section-boxed elementor-section-height-default elementor-section-height-default\" data-id=\"1fbe8dbc\" data-element_type=\"section\">\n\t\t\t\t\t\t<div class=\"elementor-container elementor-column-gap-default\">\n\t\t\t\t\t<div class=\"elementor-column elementor-col-100 elementor-top-column elementor-element elementor-element-505d4390\" data-id=\"505d4390\" data-element_type=\"column\">\n\t\t\t<div class=\"elementor-widget-wrap elementor-element-populated\">\n\t\t\t\t\t\t\t\t<div class=\"elementor-element elementor-element-962a554 elementor-widget elementor-widget-gva-posts\" data-id=\"962a554\" data-element_type=\"widget\" data-widget_type=\"gva-posts.default\">\n\t\t\t\t<div class=\"elementor-widget-container\">\n\t\t\t<div class=\"gva-element-gva-posts gva-element\">  \r\n  <div class=\"gva-posts-grid clearfix gva-posts\">\r\n\t\t<div class=\"gva-content-items\"> \r\n\t\t  <div class=\"lg-block-grid-3 md-block-grid-3 sm-block-grid-2 xs-block-grid-2 xx-block-grid-1\">\r\n\t\t\t <div class=\"item-columns\">\r\n   <article id=\"post-1872\" class=\"post post-style-1 post-1872 type-post status-publish format-standard has-post-thumbnail hentry category-estudios-socioeconomicos tag-ahorro tag-beneficios tag-dinero tag-leyes tag-organizacion tag-reclutamiento tag-seleccion\">\r\n      \r\n               <div class=\"post-thumbnail\">\r\n            <a href=\"https:\/\/book.dsoft.dev\/talento\/index.php\/2023\/06\/16\/vacaciones-dignas\/\">\r\n               <img width=\"560\" height=\"420\" src=\"https:\/\/book.dsoft.dev\/talento\/wp-content\/uploads\/2023\/06\/tl-vacaciones-560x420.png\" class=\"attachment-post-thumbnail size-post-thumbnail wp-post-image\" alt=\"VACACIONES DIGNAS\" decoding=\"async\" loading=\"lazy\" \/>            <\/a>\r\n                           <div class=\"entry-date\">\r\n                  <span class=\"date\">16<\/span>\r\n                  <span class=\"month\">Jun<\/span>\r\n               <\/div>\r\n                     <\/div>   \r\n         \r\n\r\n      <div class=\"entry-content has-thumbnail\">\r\n         <div class=\"content-inner\">\r\n            <div class=\"entry-meta\">\r\n               <div class=\"clearfix meta-inline post-meta-1\"><span class=\"author vcard\"><i class=\"far fa-user-circle\"><\/i>Talento Laboral<\/span><\/div>            <\/div> \r\n            <h3 class=\"entry-title\"><a href=\"https:\/\/book.dsoft.dev\/talento\/index.php\/2023\/06\/16\/vacaciones-dignas\/\" rel=\"bookmark\">VACACIONES DIGNAS<\/a><\/h3>\r\n                           <div class=\"entry-desc\">\r\n                  El Congreso General de los Estados Unidos Mexicanos, public\u00f3 el pasado27\/12\/2022 en el Diario Oficial               <\/div>   \r\n                        <div class=\"read-more\">\r\n               <a class=\"btn-inline btn-read-more\" href=\"https:\/\/book.dsoft.dev\/talento\/index.php\/2023\/06\/16\/vacaciones-dignas\/\">Read more<i class=\"las la-arrow-right\"><\/i><\/a>\r\n            <\/div>\r\n         <\/div>\r\n\r\n      <\/div>\r\n   <\/article>   \r\n\r\n  <\/div><div class=\"item-columns\">\r\n   <article id=\"post-1865\" class=\"post post-style-1 post-1865 type-post status-publish format-standard has-post-thumbnail hentry category-estudios-socioeconomicos tag-ahorro tag-beneficios tag-dinero tag-leyes tag-organizacion tag-reclutamiento tag-seleccion\">\r\n      \r\n               <div class=\"post-thumbnail\">\r\n            <a href=\"https:\/\/book.dsoft.dev\/talento\/index.php\/2023\/06\/15\/cuidado-con-los-descuentos-por-prestamos-a-trabajadores\/\">\r\n               <img width=\"560\" height=\"420\" src=\"https:\/\/book.dsoft.dev\/talento\/wp-content\/uploads\/2023\/06\/tl-lupa-descuento-560x420.png\" class=\"attachment-post-thumbnail size-post-thumbnail wp-post-image\" alt=\"CUIDADO CON LOS DESCUENTOS POR PRESTAMOS A TRABAJADORES\" decoding=\"async\" loading=\"lazy\" \/>            <\/a>\r\n                           <div class=\"entry-date\">\r\n                  <span class=\"date\">15<\/span>\r\n                  <span class=\"month\">Jun<\/span>\r\n               <\/div>\r\n                     <\/div>   \r\n         \r\n\r\n      <div class=\"entry-content has-thumbnail\">\r\n         <div class=\"content-inner\">\r\n            <div class=\"entry-meta\">\r\n               <div class=\"clearfix meta-inline post-meta-1\"><span class=\"author vcard\"><i class=\"far fa-user-circle\"><\/i>Talento Laboral<\/span><\/div>            <\/div> \r\n            <h3 class=\"entry-title\"><a href=\"https:\/\/book.dsoft.dev\/talento\/index.php\/2023\/06\/15\/cuidado-con-los-descuentos-por-prestamos-a-trabajadores\/\" rel=\"bookmark\">CUIDADO CON LOS DESCUENTOS POR PRESTAMOS A TRABAJADORES<\/a><\/h3>\r\n                           <div class=\"entry-desc\">\r\n                  En las Empresas, es com\u00fan el otorgar a los Trabajadores pr\u00e9stamos como anticipos desueldo, que               <\/div>   \r\n                        <div class=\"read-more\">\r\n               <a class=\"btn-inline btn-read-more\" href=\"https:\/\/book.dsoft.dev\/talento\/index.php\/2023\/06\/15\/cuidado-con-los-descuentos-por-prestamos-a-trabajadores\/\">Read more<i class=\"las la-arrow-right\"><\/i><\/a>\r\n            <\/div>\r\n         <\/div>\r\n\r\n      <\/div>\r\n   <\/article>   \r\n\r\n  <\/div><div class=\"item-columns\">\r\n   <article id=\"post-1858\" class=\"post post-style-1 post-1858 type-post status-publish format-standard has-post-thumbnail hentry category-estudios-socioeconomicos tag-ahorro tag-beneficios tag-dinero tag-leyes tag-organizacion tag-reclutamiento tag-seleccion\">\r\n      \r\n               <div class=\"post-thumbnail\">\r\n            <a href=\"https:\/\/book.dsoft.dev\/talento\/index.php\/2023\/06\/15\/cuando-terminan-los-riesgos-de-trabajo\/\">\r\n               <img width=\"560\" height=\"420\" src=\"https:\/\/book.dsoft.dev\/talento\/wp-content\/uploads\/2023\/06\/Blog-cuando-terminan-los-riesgos-del-trabajo-560x420.png\" class=\"attachment-post-thumbnail size-post-thumbnail wp-post-image\" alt=\"CU\u00c1NDO TERMINAN LOS RIESGOS DE TRABAJO\" decoding=\"async\" loading=\"lazy\" \/>            <\/a>\r\n                           <div class=\"entry-date\">\r\n                  <span class=\"date\">15<\/span>\r\n                  <span class=\"month\">Jun<\/span>\r\n               <\/div>\r\n                     <\/div>   \r\n         \r\n\r\n      <div class=\"entry-content has-thumbnail\">\r\n         <div class=\"content-inner\">\r\n            <div class=\"entry-meta\">\r\n               <div class=\"clearfix meta-inline post-meta-1\"><span class=\"author vcard\"><i class=\"far fa-user-circle\"><\/i>Talento Laboral<\/span><\/div>            <\/div> \r\n            <h3 class=\"entry-title\"><a href=\"https:\/\/book.dsoft.dev\/talento\/index.php\/2023\/06\/15\/cuando-terminan-los-riesgos-de-trabajo\/\" rel=\"bookmark\">CU\u00c1NDO TERMINAN LOS RIESGOS DE TRABAJO<\/a><\/h3>\r\n                           <div class=\"entry-desc\">\r\n                  Cuando un trabajador es v\u00edctima de un riesgo de trabajo (accidente o enfermedad) y acudea               <\/div>   \r\n                        <div class=\"read-more\">\r\n               <a class=\"btn-inline btn-read-more\" href=\"https:\/\/book.dsoft.dev\/talento\/index.php\/2023\/06\/15\/cuando-terminan-los-riesgos-de-trabajo\/\">Read more<i class=\"las la-arrow-right\"><\/i><\/a>\r\n            <\/div>\r\n         <\/div>\r\n\r\n      <\/div>\r\n   <\/article>   \r\n\r\n  <\/div>\t\t  <\/div>\r\n\t\t<\/div>\r\n\t\t\t\t\t <div class=\"pagination\">\r\n\t\t\t\t  \t\t\t <\/div>\r\n\t\t  <\/div>\r\n  <\/div>\t\t<\/div>\n\t\t\t\t<\/div>\n\t\t\t\t\t<\/div>\n\t\t<\/div>\n\t\t\t\t\t\t\t<\/div>\n\t\t<\/section>\n\t\t\t\t<section class=\"elementor-section elementor-top-section elementor-element elementor-element-d47b474 elementor-section-boxed elementor-section-height-default elementor-section-height-default\" data-id=\"d47b474\" data-element_type=\"section\" data-settings=\"{&quot;background_background&quot;:&quot;classic&quot;}\">\n\t\t\t\t\t\t\t<div class=\"elementor-background-overlay\"><\/div>\n\t\t\t\t\t\t\t<div class=\"elementor-container elementor-column-gap-default\">\n\t\t\t\t\t<div class=\"elementor-column elementor-col-50 elementor-top-column elementor-element elementor-element-1fbd2eb\" data-id=\"1fbd2eb\" data-element_type=\"column\">\n\t\t\t<div class=\"elementor-widget-wrap elementor-element-populated\">\n\t\t\t\t\t\t\t\t<div class=\"elementor-element elementor-element-e32966c elementor-widget elementor-widget-gva-heading-block\" data-id=\"e32966c\" data-element_type=\"widget\" data-widget_type=\"gva-heading-block.default\">\n\t\t\t\t<div class=\"elementor-widget-container\">\n\t\t\t<div class=\"gva-element-gva-heading-block gva-element\">   <div class=\"align-left style-1 widget gsc-heading box-align-left auto-responsive\">\r\n      <div class=\"content-inner\">\r\n         \r\n         \r\n         \r\n           \r\n         \r\n                     <h2 class=\"title\">\r\n               <span>Queremos ser tu Equipo de Apoyo en Recursos Humanos<\/span>\r\n            <\/h2>\r\n                  \r\n         \r\n      <\/div>\r\n   <\/div>\r\n<\/div>\t\t<\/div>\n\t\t\t\t<\/div>\n\t\t\t\t\t<\/div>\n\t\t<\/div>\n\t\t\t\t<div class=\"elementor-column elementor-col-50 elementor-top-column elementor-element elementor-element-25adf6d\" data-id=\"25adf6d\" data-element_type=\"column\">\n\t\t\t<div class=\"elementor-widget-wrap elementor-element-populated\">\n\t\t\t\t\t\t\t\t<div class=\"elementor-element elementor-element-23b711c elementor-widget__width-auto elementor-widget elementor-widget-html\" data-id=\"23b711c\" data-element_type=\"widget\" data-widget_type=\"html.default\">\n\t\t\t\t<div class=\"elementor-widget-container\">\n\t\t\t<a class=\"btn-white\" href=\"https:\/\/book.dsoft.dev\/talento\/index.php\/contacto\/\">\n    Cont\u00e1ctanos\n<\/a>\t\t<\/div>\n\t\t\t\t<\/div>\n\t\t\t\t\t<\/div>\n\t\t<\/div>\n\t\t\t\t\t\t\t<\/div>\n\t\t<\/section>\n\t\t\t\t\t\t\t<\/div>\n\t\t","protected":false},"excerpt":{"rendered":"<p>\u00bfPor qu\u00e9 es necesaria la maquila de n\u00f3mina y c\u00f3mo puede mejorar tu organizaci\u00f3n? Home 02 Jun Talento Laboral Conoce los beneficios de los estudios socioecon\u00f3micos Los estudios socioecon\u00f3micos son [&hellip;]<\/p>\n","protected":false},"author":1,"featured_media":0,"parent":0,"menu_order":0,"comment_status":"closed","ping_status":"closed","template":"","meta":[],"_links":{"self":[{"href":"https:\/\/book.dsoft.dev\/talento\/index.php\/wp-json\/wp\/v2\/pages\/25"}],"collection":[{"href":"https:\/\/book.dsoft.dev\/talento\/index.php\/wp-json\/wp\/v2\/pages"}],"about":[{"href":"https:\/\/book.dsoft.dev\/talento\/index.php\/wp-json\/wp\/v2\/types\/page"}],"author":[{"embeddable":true,"href":"https:\/\/book.dsoft.dev\/talento\/index.php\/wp-json\/wp\/v2\/users\/1"}],"replies":[{"embeddable":true,"href":"https:\/\/book.dsoft.dev\/talento\/index.php\/wp-json\/wp\/v2\/comments?post=25"}],"version-history":[{"count":7,"href":"https:\/\/book.dsoft.dev\/talento\/index.php\/wp-json\/wp\/v2\/pages\/25\/revisions"}],"predecessor-version":[{"id":1808,"href":"https:\/\/book.dsoft.dev\/talento\/index.php\/wp-json\/wp\/v2\/pages\/25\/revisions\/1808"}],"wp:attachment":[{"href":"https:\/\/book.dsoft.dev\/talento\/index.php\/wp-json\/wp\/v2\/media?parent=25"}],"curies":[{"name":"wp","href":"https:\/\/api.w.org\/{rel}","templated":true}]}}